{"id":1376,"date":"2017-10-03T03:11:20","date_gmt":"2017-10-03T03:11:20","guid":{"rendered":"https:\/\/www.corporaciongpf.com\/memoria-sostenibilidad\/?page_id=1376"},"modified":"2017-11-08T15:30:04","modified_gmt":"2017-11-08T15:30:04","slug":"diversidad-e-igualdad-oportunidades","status":"publish","type":"page","link":"https:\/\/www.corporaciongpf.com\/memoria-sostenibilidad\/diversidad-e-igualdad-oportunidades\/","title":{"rendered":"DIVERSIDAD E IGUALDAD DE OPORTUNIDADES"},"content":{"rendered":"<style type=\"text\/css\"> \n#cmsmasters_row_69d122708d985 .cmsmasters_row_outer_parent { \n\tpadding-top: 0px; \n} \n\n#cmsmasters_row_69d122708d985 .cmsmasters_row_outer_parent { \n\tpadding-bottom: 50px; \n} \n\n \n#cmsmasters_row_69d122708db09 .cmsmasters_row_outer_parent { \n\tpadding-top: 0px; \n} \n\n#cmsmasters_row_69d122708db09 .cmsmasters_row_outer_parent { \n\tpadding-bottom: 50px; \n} \n\n \n#cmsmasters_row_69d1227090ac4 { \n\tbackground-image: url(https:\/\/www.corporaciongpf.com\/memoria-sostenibilidad\/wp-content\/uploads\/2017\/09\/fondo-fullscree.jpg); \n\tbackground-position: top center; \n\tbackground-repeat: no-repeat; \n\tbackground-attachment: scroll; \n\tbackground-size: cover; \n} \n\n#cmsmasters_row_69d1227090ac4 .cmsmasters_row_outer_parent { \n\tpadding-top: 0px; \n} \n\n#cmsmasters_row_69d1227090ac4 .cmsmasters_row_outer_parent { \n\tpadding-bottom: 50px; \n} \n\n \n#cmsmasters_divider_69d1227090f38 { \n\tborder-bottom-width:1px; \n\tborder-bottom-style:solid; \n\tpadding-top:50px; \n\tmargin-bottom:50px; \n} \n \n#cmsmasters_divider_69d122709135e { \n\tborder-bottom-width:1px; \n\tborder-bottom-style:solid; \n\tpadding-top:50px; \n\tmargin-bottom:50px; \n} \n \n#cmsmasters_divider_69d1227091494 { \n\tborder-bottom-width:1px; \n\tborder-bottom-style:solid; \n\tpadding-top:50px; \n\tmargin-bottom:50px; \n} \n \n#cmsmasters_row_69d122709155c { \n\tbackground-color:#67b8b7;\n} \n\n#cmsmasters_row_69d122709155c .cmsmasters_row_outer_parent { \n\tpadding-top: 0px; \n} \n\n#cmsmasters_row_69d122709155c .cmsmasters_row_outer_parent { \n\tpadding-bottom: 50px; \n} \n\n \n#cmsmasters_divider_69d1227091653 { \n\tborder-bottom-width:1px; \n\tborder-bottom-style:solid; \n\tpadding-top:50px; \n\tmargin-bottom:50px; \n} \n<\/style><div id=\"cmsmasters_row_69d122708d985\" class=\"cmsmasters_row cmsmasters_color_scheme_default cmsmasters_row_top_default cmsmasters_row_bot_default cmsmasters_row_boxed\">\n<div class=\"cmsmasters_row_outer_parent\">\n<div class=\"cmsmasters_row_outer\">\n<div class=\"cmsmasters_row_inner\">\n<div class=\"cmsmasters_row_margin\">\n<div class=\"cmsmasters_column one_first\">\n<div class=\"cmsmasters_slider\">[rev_slider alias=\"diversidad-e-igualdad-de-oportunidades\"]<\/div>\n<\/div>\n<\/div>\n<\/div>\n<\/div>\n<\/div>\n<\/div>\n<div id=\"cmsmasters_row_69d122708db09\" class=\"cmsmasters_row cmsmasters_color_scheme_default cmsmasters_row_top_default cmsmasters_row_bot_default cmsmasters_row_boxed\">\n<div class=\"cmsmasters_row_outer_parent\">\n<div class=\"cmsmasters_row_outer\">\n<div class=\"cmsmasters_row_inner\">\n<div class=\"cmsmasters_row_margin\">\n<div class=\"cmsmasters_column one_half\">\n<div class=\"cmsmasters_text\">\n<h3 style=\"text-align: justifyc;\">DIVERSIDAD E IGUALDAD DE OPORTUNIDADES<\/h3>\n<p style=\"text-align: justify;\">En el 2016, Corporaci\u00f3n GPF suscribi\u00f3 los \u201c7 Principios para el Empoderamiento de las Mujeres\u201d con ONU Mujeres, convirti\u00e9ndose en la primera empresa del retail farmac\u00e9utico y la cuarta en el pa\u00eds en impulsar la equidad de g\u00e9nero, el empoderamiento de las mujeres y el desarrollo de su talento. De esta manera, la Corporaci\u00f3n se alinea al Objetivo de Desarrollo Sostenible #5: \u00abIgualdad de g\u00e9nero\u00bb, promovido por las Naciones Unidas.<\/p>\n<\/div>\n<\/div>\n<div class=\"cmsmasters_column one_half\">\n<div class=\"aligncenter\">\n<div class=\"cmsmasters_img  cmsmasters_image_c\">\n<img decoding=\"async\" src=\"https:\/\/www.corporaciongpf.com\/memoria-sostenibilidad\/wp-content\/uploads\/2017\/09\/2-oportunidades-corporacion-gpf.jpg\" alt=\"\" \/>\n<\/div>\n<\/div>\n<\/div>\n<\/div>\n<\/div>\n<\/div>\n<\/div>\n<\/div>\n<div id=\"cmsmasters_row_69d1227090ac4\" class=\"cmsmasters_row cmsmasters_color_scheme_default cmsmasters_row_top_default cmsmasters_row_bot_default cmsmasters_row_boxed\">\n<div class=\"cmsmasters_row_outer_parent\">\n<div class=\"cmsmasters_row_outer\">\n<div class=\"cmsmasters_row_inner\">\n<div class=\"cmsmasters_row_margin\">\n<div class=\"cmsmasters_column one_third\">\n\n<div id=\"cmsmasters_divider_69d1227090f38\" class=\"cmsmasters_divider cmsmasters_divider_width_long cmsmasters_divider_pos_center\"><\/div><div class=\"cmsmasters_text\">\n<h3>7 PRINCIPIOS PARA EL EMPODERAMIENTO DE LAS MUJERES<\/h3>\n<\/div>\n<div class=\"aligncenter\">\n<div class=\"cmsmasters_img  cmsmasters_image_c\">\n<img decoding=\"async\" src=\"https:\/\/www.corporaciongpf.com\/memoria-sostenibilidad\/wp-content\/uploads\/2017\/09\/3-oportunidades-corporacion-gpf.png\" alt=\"\" \/>\n<\/div>\n<\/div>\n<\/div>\n<div class=\"cmsmasters_column one_third\">\n\n<div id=\"cmsmasters_divider_69d122709135e\" class=\"cmsmasters_divider cmsmasters_divider_width_long cmsmasters_divider_pos_center\"><\/div><div class=\"cmsmasters_text\">\n<p>1. Promover la igualdad de g\u00e9nero al m\u00e1s alto nivel.<\/p>\n<p>2. Tratar a todos los hombres y mujeres de forma equitativa en el trabajo \u2013 respetar y defender los derechos humanos y la no discriminaci\u00f3n.<\/p>\n<p>3. Velar por la salud, la seguridad y el bienestar de todos los trabajadores y trabajadoras.<\/p>\n<p>4. Promover la educaci\u00f3n, la formaci\u00f3n y el desarrollo profesional de las mujeres.<\/p>\n<\/div>\n<\/div>\n<div class=\"cmsmasters_column one_third\">\n\n<div id=\"cmsmasters_divider_69d1227091494\" class=\"cmsmasters_divider cmsmasters_divider_width_long cmsmasters_divider_pos_center\"><\/div><div class=\"cmsmasters_text\">\n<p>5. Llevar a cabo pr\u00e1cticas de desarrollo empresarial, cadena de suministro y marketing a favor del empoderamiento de las mujeres.<\/p>\n<p>6. Promover la igualdad mediante iniciativas comunitarias y cabildeo.<\/p>\n<p>7. Evaluar y difundir los progresos realizados a favor de la igualdad de g\u00e9nero.<\/p>\n<\/div>\n<\/div>\n<\/div>\n<\/div>\n<\/div>\n<\/div>\n<\/div>\n<div id=\"cmsmasters_row_69d122709155c\" class=\"cmsmasters_row cmsmasters_color_scheme_default cmsmasters_row_top_default cmsmasters_row_bot_default cmsmasters_row_boxed\">\n<div class=\"cmsmasters_row_outer_parent\">\n<div class=\"cmsmasters_row_outer\">\n<div class=\"cmsmasters_row_inner\">\n<div class=\"cmsmasters_row_margin\">\n<div class=\"cmsmasters_column one_first\">\n\n<div id=\"cmsmasters_divider_69d1227091653\" class=\"cmsmasters_divider cmsmasters_divider_width_long cmsmasters_divider_pos_center\"><\/div><div class=\"custom_html\">\n<p><a href=\"https:\/\/www.corporaciongpf.com\/memoria-sostenibilidad\/2016\/modelo-de-negocios\/\"><img decoding=\"async\" src=\"https:\/\/www.corporaciongpf.com\/memoria-sostenibilidad\/2016\/wp-content\/uploads\/2017\/09\/modelo-de-negocio-corporacion-gpf.jpg\" alt=\"\" width=\"185\" border=\"0\"\/><\/a><a href=\"https:\/\/www.corporaciongpf.com\/memoria-sostenibilidad\/2016\/filosofia-corporativa\/\">  <img decoding=\"async\" src=\"https:\/\/www.corporaciongpf.com\/memoria-sostenibilidad\/2016\/wp-content\/uploads\/2017\/09\/filosofia-corporativa-corporacion-gpf.jpg\" alt=\"\" width=\"185\" border=\"0\"\/>  <\/a><a href=\"https:\/\/www.corporaciongpf.com\/memoria-sostenibilidad\/2016\/modelo-de-gestion\/\"><img decoding=\"async\" src=\"https:\/\/www.corporaciongpf.com\/memoria-sostenibilidad\/2016\/wp-content\/uploads\/2017\/09\/modelo-gestion-corporacion-gpf.jpg\" alt=\"\" width=\"185\" border=\"0\"\/>  <\/a><a href=\"https:\/\/www.corporaciongpf.com\/memoria-sostenibilidad\/2016\/gpf-en-cifras\/\"><img decoding=\"async\" src=\"https:\/\/www.corporaciongpf.com\/memoria-sostenibilidad\/2016\/wp-content\/uploads\/2017\/09\/cifras-gpf.jpg\" alt=\"\" width=\"185\" border=\"0\"\/><\/a>  <a href=\"https:\/\/www.corporaciongpf.com\/memoria-sostenibilidad\/2016\/innovacion\/\"><img decoding=\"async\" src=\"https:\/\/www.corporaciongpf.com\/memoria-sostenibilidad\/2016\/wp-content\/uploads\/2017\/09\/innovacion-gpf.jpg\" alt=\"\" width=\"185\" border=\"0\"\/><\/a><\/p>\n<p><a href=\"https:\/\/www.corporaciongpf.com\/memoria-sostenibilidad\/2016\/centro-de-logistica\/\"><img decoding=\"async\" src=\"https:\/\/www.corporaciongpf.com\/memoria-sostenibilidad\/2016\/wp-content\/uploads\/2017\/09\/centro-logistica-corporativa-corporacion-gpf.jpg\" alt=\"\" width=\"185\" border=\"0\"\/><\/a>   <a href=\"https:\/\/www.corporaciongpf.com\/memoria-sostenibilidad\/2016\/practicas-laborables-responsables\/\"><img decoding=\"async\" src=\"https:\/\/www.corporaciongpf.com\/memoria-sostenibilidad\/2016\/wp-content\/uploads\/2017\/09\/practicas-laborales-responsables-corporacion-gpf.jpg\" alt=\"\" width=\"185\" border=\"0\"\/>  <\/a><a href=\"https:\/\/www.corporaciongpf.com\/memoria-sostenibilidad\/2016\/diversidad-e-igualdad-oportunidades\/\"><img decoding=\"async\" src=\"https:\/\/www.corporaciongpf.com\/memoria-sostenibilidad\/2016\/wp-content\/uploads\/2017\/09\/oportunidades-corporacion-gpf.jpg\" alt=\"\" width=\"185\" border=\"0\"\/>  <\/a><a href=\"https:\/\/www.corporaciongpf.com\/memoria-sostenibilidad\/2016\/participacion-la-comunidad\/\"><img decoding=\"async\" src=\"https:\/\/www.corporaciongpf.com\/memoria-sostenibilidad\/2016\/wp-content\/uploads\/2017\/09\/comunidad-corporacion-gpf.jpg\" alt=\"\" width=\"185\" border=\"0\"\/>  <\/a><a href=\"https:\/\/www.corporaciongpf.com\/memoria-sostenibilidad\/2016\/gpf-en-cifras\/\"><\/a><a href=\"https:\/\/www.corporaciongpf.com\/memoria-sostenibilidad\/2016\/gestion-ambiental-sostenible\/\"><img decoding=\"async\" src=\"https:\/\/www.corporaciongpf.com\/memoria-sostenibilidad\/2016\/wp-content\/uploads\/2017\/09\/gestion-ambiental-sostenible-corporacion-gpf.jpg\" alt=\"\" width=\"185\" border=\"0\"\/><\/a><\/p>\n<\/div>\n<\/div>\n<\/div>\n<\/div>\n<\/div>\n<\/div>\n<\/div>\n\n","protected":false},"excerpt":{"rendered":"","protected":false},"author":1,"featured_media":0,"parent":0,"menu_order":0,"comment_status":"closed","ping_status":"closed","template":"","meta":{"footnotes":""},"class_list":["post-1376","page","type-page","status-publish","hentry"],"yoast_head":"<!-- This site is optimized with the Yoast SEO plugin v26.0 - https:\/\/yoast.com\/wordpress\/plugins\/seo\/ -->\n<title>DIVERSIDAD E IGUALDAD DE OPORTUNIDADES - Extracto Memoria Sostenibilidad | Corporaci\u00f3n GPF<\/title>\n<meta name=\"robots\" content=\"index, follow, max-snippet:-1, max-image-preview:large, max-video-preview:-1\" \/>\n<link rel=\"canonical\" href=\"https:\/\/www.corporaciongpf.com\/memoria-sostenibilidad\/diversidad-e-igualdad-oportunidades\/\" \/>\n<meta property=\"og:locale\" content=\"es_ES\" \/>\n<meta property=\"og:type\" content=\"article\" \/>\n<meta property=\"og:title\" content=\"DIVERSIDAD E IGUALDAD DE OPORTUNIDADES - Extracto Memoria Sostenibilidad | Corporaci\u00f3n GPF\" \/>\n<meta property=\"og:url\" content=\"https:\/\/www.corporaciongpf.com\/memoria-sostenibilidad\/diversidad-e-igualdad-oportunidades\/\" \/>\n<meta property=\"og:site_name\" content=\"Extracto Memoria Sostenibilidad | Corporaci\u00f3n GPF\" \/>\n<meta property=\"article:modified_time\" content=\"2017-11-08T15:30:04+00:00\" \/>\n<meta name=\"twitter:card\" content=\"summary_large_image\" \/>\n<meta name=\"twitter:label1\" content=\"Tiempo de lectura\" \/>\n\t<meta name=\"twitter:data1\" content=\"5 minutos\" \/>\n<script type=\"application\/ld+json\" class=\"yoast-schema-graph\">{\"@context\":\"https:\/\/schema.org\",\"@graph\":[{\"@type\":\"WebPage\",\"@id\":\"https:\/\/www.corporaciongpf.com\/memoria-sostenibilidad\/diversidad-e-igualdad-oportunidades\/\",\"url\":\"https:\/\/www.corporaciongpf.com\/memoria-sostenibilidad\/diversidad-e-igualdad-oportunidades\/\",\"name\":\"DIVERSIDAD E IGUALDAD DE OPORTUNIDADES - Extracto Memoria Sostenibilidad | Corporaci\u00f3n GPF\",\"isPartOf\":{\"@id\":\"https:\/\/www.corporaciongpf.com\/memoria-sostenibilidad\/#website\"},\"datePublished\":\"2017-10-03T03:11:20+00:00\",\"dateModified\":\"2017-11-08T15:30:04+00:00\",\"breadcrumb\":{\"@id\":\"https:\/\/www.corporaciongpf.com\/memoria-sostenibilidad\/diversidad-e-igualdad-oportunidades\/#breadcrumb\"},\"inLanguage\":\"es\",\"potentialAction\":[{\"@type\":\"ReadAction\",\"target\":[\"https:\/\/www.corporaciongpf.com\/memoria-sostenibilidad\/diversidad-e-igualdad-oportunidades\/\"]}]},{\"@type\":\"BreadcrumbList\",\"@id\":\"https:\/\/www.corporaciongpf.com\/memoria-sostenibilidad\/diversidad-e-igualdad-oportunidades\/#breadcrumb\",\"itemListElement\":[{\"@type\":\"ListItem\",\"position\":1,\"name\":\"Portada\",\"item\":\"https:\/\/www.corporaciongpf.com\/memoria-sostenibilidad\/\"},{\"@type\":\"ListItem\",\"position\":2,\"name\":\"DIVERSIDAD E IGUALDAD DE OPORTUNIDADES\"}]},{\"@type\":\"WebSite\",\"@id\":\"https:\/\/www.corporaciongpf.com\/memoria-sostenibilidad\/#website\",\"url\":\"https:\/\/www.corporaciongpf.com\/memoria-sostenibilidad\/\",\"name\":\"Extracto Memoria Sostenibilidad | Corporaci\u00f3n GPF\",\"description\":\"Este es un extracto de la sexta Memoria de Sostenibilidad consecutiva publicada por la compa\u00f1\u00eda\",\"potentialAction\":[{\"@type\":\"SearchAction\",\"target\":{\"@type\":\"EntryPoint\",\"urlTemplate\":\"https:\/\/www.corporaciongpf.com\/memoria-sostenibilidad\/?s={search_term_string}\"},\"query-input\":{\"@type\":\"PropertyValueSpecification\",\"valueRequired\":true,\"valueName\":\"search_term_string\"}}],\"inLanguage\":\"es\"}]}<\/script>\n<!-- \/ Yoast SEO plugin. -->","yoast_head_json":{"title":"DIVERSIDAD E IGUALDAD DE OPORTUNIDADES - Extracto Memoria Sostenibilidad | Corporaci\u00f3n GPF","robots":{"index":"index","follow":"follow","max-snippet":"max-snippet:-1","max-image-preview":"max-image-preview:large","max-video-preview":"max-video-preview:-1"},"canonical":"https:\/\/www.corporaciongpf.com\/memoria-sostenibilidad\/diversidad-e-igualdad-oportunidades\/","og_locale":"es_ES","og_type":"article","og_title":"DIVERSIDAD E IGUALDAD DE OPORTUNIDADES - Extracto Memoria Sostenibilidad | Corporaci\u00f3n GPF","og_url":"https:\/\/www.corporaciongpf.com\/memoria-sostenibilidad\/diversidad-e-igualdad-oportunidades\/","og_site_name":"Extracto Memoria Sostenibilidad | Corporaci\u00f3n GPF","article_modified_time":"2017-11-08T15:30:04+00:00","twitter_card":"summary_large_image","twitter_misc":{"Tiempo de lectura":"5 minutos"},"schema":{"@context":"https:\/\/schema.org","@graph":[{"@type":"WebPage","@id":"https:\/\/www.corporaciongpf.com\/memoria-sostenibilidad\/diversidad-e-igualdad-oportunidades\/","url":"https:\/\/www.corporaciongpf.com\/memoria-sostenibilidad\/diversidad-e-igualdad-oportunidades\/","name":"DIVERSIDAD E IGUALDAD DE OPORTUNIDADES - Extracto Memoria Sostenibilidad | Corporaci\u00f3n GPF","isPartOf":{"@id":"https:\/\/www.corporaciongpf.com\/memoria-sostenibilidad\/#website"},"datePublished":"2017-10-03T03:11:20+00:00","dateModified":"2017-11-08T15:30:04+00:00","breadcrumb":{"@id":"https:\/\/www.corporaciongpf.com\/memoria-sostenibilidad\/diversidad-e-igualdad-oportunidades\/#breadcrumb"},"inLanguage":"es","potentialAction":[{"@type":"ReadAction","target":["https:\/\/www.corporaciongpf.com\/memoria-sostenibilidad\/diversidad-e-igualdad-oportunidades\/"]}]},{"@type":"BreadcrumbList","@id":"https:\/\/www.corporaciongpf.com\/memoria-sostenibilidad\/diversidad-e-igualdad-oportunidades\/#breadcrumb","itemListElement":[{"@type":"ListItem","position":1,"name":"Portada","item":"https:\/\/www.corporaciongpf.com\/memoria-sostenibilidad\/"},{"@type":"ListItem","position":2,"name":"DIVERSIDAD E IGUALDAD DE OPORTUNIDADES"}]},{"@type":"WebSite","@id":"https:\/\/www.corporaciongpf.com\/memoria-sostenibilidad\/#website","url":"https:\/\/www.corporaciongpf.com\/memoria-sostenibilidad\/","name":"Extracto Memoria Sostenibilidad | Corporaci\u00f3n GPF","description":"Este es un extracto de la sexta Memoria de Sostenibilidad consecutiva publicada por la compa\u00f1\u00eda","potentialAction":[{"@type":"SearchAction","target":{"@type":"EntryPoint","urlTemplate":"https:\/\/www.corporaciongpf.com\/memoria-sostenibilidad\/?s={search_term_string}"},"query-input":{"@type":"PropertyValueSpecification","valueRequired":true,"valueName":"search_term_string"}}],"inLanguage":"es"}]}},"_links":{"self":[{"href":"https:\/\/www.corporaciongpf.com\/memoria-sostenibilidad\/wp-json\/wp\/v2\/pages\/1376","targetHints":{"allow":["GET"]}}],"collection":[{"href":"https:\/\/www.corporaciongpf.com\/memoria-sostenibilidad\/wp-json\/wp\/v2\/pages"}],"about":[{"href":"https:\/\/www.corporaciongpf.com\/memoria-sostenibilidad\/wp-json\/wp\/v2\/types\/page"}],"author":[{"embeddable":true,"href":"https:\/\/www.corporaciongpf.com\/memoria-sostenibilidad\/wp-json\/wp\/v2\/users\/1"}],"replies":[{"embeddable":true,"href":"https:\/\/www.corporaciongpf.com\/memoria-sostenibilidad\/wp-json\/wp\/v2\/comments?post=1376"}],"version-history":[{"count":6,"href":"https:\/\/www.corporaciongpf.com\/memoria-sostenibilidad\/wp-json\/wp\/v2\/pages\/1376\/revisions"}],"predecessor-version":[{"id":1475,"href":"https:\/\/www.corporaciongpf.com\/memoria-sostenibilidad\/wp-json\/wp\/v2\/pages\/1376\/revisions\/1475"}],"wp:attachment":[{"href":"https:\/\/www.corporaciongpf.com\/memoria-sostenibilidad\/wp-json\/wp\/v2\/media?parent=1376"}],"curies":[{"name":"wp","href":"https:\/\/api.w.org\/{rel}","templated":true}]}}