{"id":1389,"date":"2017-10-03T03:40:41","date_gmt":"2017-10-03T03:40:41","guid":{"rendered":"https:\/\/www.corporaciongpf.com\/memoria-sostenibilidad\/?page_id=1389"},"modified":"2017-11-08T15:30:42","modified_gmt":"2017-11-08T15:30:42","slug":"gestion-ambiental-sostenible","status":"publish","type":"page","link":"https:\/\/www.corporaciongpf.com\/memoria-sostenibilidad\/gestion-ambiental-sostenible\/","title":{"rendered":"GESTI\u00d3N AMBIENTAL SOSTENIBLE"},"content":{"rendered":"<style type=\"text\/css\"> \n#cmsmasters_row_69e4bf0e1da19 .cmsmasters_row_outer_parent { \n\tpadding-top: 0px; \n} \n\n#cmsmasters_row_69e4bf0e1da19 .cmsmasters_row_outer_parent { \n\tpadding-bottom: 50px; \n} \n\n \n#cmsmasters_row_69e4bf0e1db28 .cmsmasters_row_outer_parent { \n\tpadding-top: 0px; \n} \n\n#cmsmasters_row_69e4bf0e1db28 .cmsmasters_row_outer_parent { \n\tpadding-bottom: 50px; \n} \n\n \n#cmsmasters_row_69e4bf0e1ddf3 { \n\tbackground-color:#67b8b7;\n} \n\n#cmsmasters_row_69e4bf0e1ddf3 .cmsmasters_row_outer_parent { \n\tpadding-top: 0px; \n} \n\n#cmsmasters_row_69e4bf0e1ddf3 .cmsmasters_row_outer_parent { \n\tpadding-bottom: 50px; \n} \n\n \n#cmsmasters_divider_69e4bf0e1deb4 { \n\tborder-bottom-width:1px; \n\tborder-bottom-style:solid; \n\tpadding-top:50px; \n\tmargin-bottom:50px; \n} \n<\/style><div id=\"cmsmasters_row_69e4bf0e1da19\" class=\"cmsmasters_row cmsmasters_color_scheme_default cmsmasters_row_top_default cmsmasters_row_bot_default cmsmasters_row_boxed\">\n<div class=\"cmsmasters_row_outer_parent\">\n<div class=\"cmsmasters_row_outer\">\n<div class=\"cmsmasters_row_inner\">\n<div class=\"cmsmasters_row_margin\">\n<div class=\"cmsmasters_column one_first\">\n<div class=\"cmsmasters_slider\">[rev_slider alias=\"gestion-ambiental-sostenible\"]<\/div>\n<\/div>\n<\/div>\n<\/div>\n<\/div>\n<\/div>\n<\/div>\n<div id=\"cmsmasters_row_69e4bf0e1db28\" class=\"cmsmasters_row cmsmasters_color_scheme_default cmsmasters_row_top_default cmsmasters_row_bot_default cmsmasters_row_boxed\">\n<div class=\"cmsmasters_row_outer_parent\">\n<div class=\"cmsmasters_row_outer\">\n<div class=\"cmsmasters_row_inner\">\n<div class=\"cmsmasters_row_margin\">\n<div class=\"cmsmasters_column one_half\">\n<div class=\"cmsmasters_text\">\n<h3 style=\"text-align: justifyc;\">COMPROMISO CON LA LUCHA CONTRA EL CAMBIO CLIM\u00c1TICO<\/h3>\n<p style=\"text-align: justifyc;\">La gesti\u00f3n de la compa\u00f1\u00eda se traduce en una reducci\u00f3n a\u00f1o a a\u00f1o de su huella de carbono, identi\ufb01cando los puntos cr\u00edticos de emisi\u00f3n y oportunidades de mejora, en el 2016, alcanz\u00f3 una reducci\u00f3n del 45% de emisiones\u00a0CO<sub>2<\/sub><\/p>\n<h3 style=\"text-align: justifyc;\">GESTI\u00d3N DE LA ENERG\u00cdA<\/h3>\n<p style=\"text-align: justifyc;\">La huella de carbono de la Corporaci\u00f3n permite establecer que el 77,3% de la misma se deriva de su consumo el\u00e9ctrico, emisiones indirectas de CO<sub>2<\/sub>\u00a0equivalente de la empresa. Por esta raz\u00f3n, la compa\u00f1\u00eda promueve la e\ufb01ciencia energ\u00e9tica en sus operaciones, busca acompa\u00f1ar metas globales y nacionales de reducci\u00f3n de consumo de energ\u00eda y adopci\u00f3n de pr\u00e1cticas e\ufb01cientes de uso de la misma, como por ejemplo, el cambio a dispositivos de iluminaci\u00f3n LED en los Puntos de Venta.<\/p>\n<\/div>\n<\/div>\n<div class=\"cmsmasters_column one_half\">\n<div class=\"cmsmasters_text\">\n<h3>GESTI\u00d3N DE MATERIALES Y DESECHOS<\/h3>\n<p>En el CLA, se reemplaz\u00f3 el uso de cart\u00f3n como material de embalaje, por 25.000 gavetas fabricadas por PICA empresa ecuatoriana, para despachar la mercader\u00eda de manera alternativa y disminuir as\u00ed el uso de este material.<\/p>\n<p>Con el objeto de mitigar el impacto ambiental de los enseres de embalaje, se entregan a clientes, en todos los Puntos de Venta, bolsas biodegradables elaboradas con polietileno granulado.<br \/>\n<img decoding=\"async\" src=\"https:\/\/www.corporaciongpf.com\/memoria-sostenibilidad\/wp-content\/uploads\/2017\/09\/2-gestion-ambiental-sostenible-corporacion-gpf.jpg\" \/><\/p>\n<\/div>\n<\/div>\n<\/div>\n<\/div>\n<\/div>\n<\/div>\n<\/div>\n<div id=\"cmsmasters_row_69e4bf0e1ddf3\" class=\"cmsmasters_row cmsmasters_color_scheme_default cmsmasters_row_top_default cmsmasters_row_bot_default cmsmasters_row_boxed\">\n<div class=\"cmsmasters_row_outer_parent\">\n<div class=\"cmsmasters_row_outer\">\n<div class=\"cmsmasters_row_inner\">\n<div class=\"cmsmasters_row_margin\">\n<div class=\"cmsmasters_column one_first\">\n\n<div id=\"cmsmasters_divider_69e4bf0e1deb4\" class=\"cmsmasters_divider cmsmasters_divider_width_long cmsmasters_divider_pos_center\"><\/div><div class=\"custom_html\">\n<p><a href=\"https:\/\/www.corporaciongpf.com\/memoria-sostenibilidad\/2016\/modelo-de-negocios\/\"><img decoding=\"async\" src=\"https:\/\/www.corporaciongpf.com\/memoria-sostenibilidad\/2016\/wp-content\/uploads\/2017\/09\/modelo-de-negocio-corporacion-gpf.jpg\" alt=\"\" width=\"185\" border=\"0\"\/><\/a><a href=\"https:\/\/www.corporaciongpf.com\/memoria-sostenibilidad\/2016\/filosofia-corporativa\/\">  <img decoding=\"async\" src=\"https:\/\/www.corporaciongpf.com\/memoria-sostenibilidad\/2016\/wp-content\/uploads\/2017\/09\/filosofia-corporativa-corporacion-gpf.jpg\" alt=\"\" width=\"185\" border=\"0\"\/>  <\/a><a href=\"https:\/\/www.corporaciongpf.com\/memoria-sostenibilidad\/2016\/modelo-de-gestion\/\"><img decoding=\"async\" src=\"https:\/\/www.corporaciongpf.com\/memoria-sostenibilidad\/2016\/wp-content\/uploads\/2017\/09\/modelo-gestion-corporacion-gpf.jpg\" alt=\"\" width=\"185\" border=\"0\"\/>  <\/a><a href=\"https:\/\/www.corporaciongpf.com\/memoria-sostenibilidad\/2016\/gpf-en-cifras\/\"><img decoding=\"async\" src=\"https:\/\/www.corporaciongpf.com\/memoria-sostenibilidad\/2016\/wp-content\/uploads\/2017\/09\/cifras-gpf.jpg\" alt=\"\" width=\"185\" border=\"0\"\/><\/a>  <a href=\"https:\/\/www.corporaciongpf.com\/memoria-sostenibilidad\/2016\/innovacion\/\"><img decoding=\"async\" src=\"https:\/\/www.corporaciongpf.com\/memoria-sostenibilidad\/2016\/wp-content\/uploads\/2017\/09\/innovacion-gpf.jpg\" alt=\"\" width=\"185\" border=\"0\"\/><\/a><\/p>\n<p><a href=\"https:\/\/www.corporaciongpf.com\/memoria-sostenibilidad\/2016\/centro-de-logistica\/\"><img decoding=\"async\" src=\"https:\/\/www.corporaciongpf.com\/memoria-sostenibilidad\/2016\/wp-content\/uploads\/2017\/09\/centro-logistica-corporativa-corporacion-gpf.jpg\" alt=\"\" width=\"185\" border=\"0\"\/><\/a>   <a href=\"https:\/\/www.corporaciongpf.com\/memoria-sostenibilidad\/2016\/practicas-laborables-responsables\/\"><img decoding=\"async\" src=\"https:\/\/www.corporaciongpf.com\/memoria-sostenibilidad\/2016\/wp-content\/uploads\/2017\/09\/practicas-laborales-responsables-corporacion-gpf.jpg\" alt=\"\" width=\"185\" border=\"0\"\/>  <\/a><a href=\"https:\/\/www.corporaciongpf.com\/memoria-sostenibilidad\/2016\/diversidad-e-igualdad-oportunidades\/\"><img decoding=\"async\" src=\"https:\/\/www.corporaciongpf.com\/memoria-sostenibilidad\/2016\/wp-content\/uploads\/2017\/09\/oportunidades-corporacion-gpf.jpg\" alt=\"\" width=\"185\" border=\"0\"\/>  <\/a><a href=\"https:\/\/www.corporaciongpf.com\/memoria-sostenibilidad\/2016\/participacion-la-comunidad\/\"><img decoding=\"async\" src=\"https:\/\/www.corporaciongpf.com\/memoria-sostenibilidad\/2016\/wp-content\/uploads\/2017\/09\/comunidad-corporacion-gpf.jpg\" alt=\"\" width=\"185\" border=\"0\"\/>  <\/a><a href=\"https:\/\/www.corporaciongpf.com\/memoria-sostenibilidad\/2016\/gpf-en-cifras\/\"><\/a><a href=\"https:\/\/www.corporaciongpf.com\/memoria-sostenibilidad\/2016\/gestion-ambiental-sostenible\/\"><img decoding=\"async\" src=\"https:\/\/www.corporaciongpf.com\/memoria-sostenibilidad\/2016\/wp-content\/uploads\/2017\/09\/gestion-ambiental-sostenible-corporacion-gpf.jpg\" alt=\"\" width=\"185\" border=\"0\"\/><\/a><\/p>\n<\/div>\n<\/div>\n<\/div>\n<\/div>\n<\/div>\n<\/div>\n<\/div>\n\n","protected":false},"excerpt":{"rendered":"","protected":false},"author":1,"featured_media":0,"parent":0,"menu_order":0,"comment_status":"closed","ping_status":"closed","template":"","meta":{"footnotes":""},"class_list":["post-1389","page","type-page","status-publish","hentry"],"yoast_head":"<!-- This site is optimized with the Yoast SEO plugin v26.0 - https:\/\/yoast.com\/wordpress\/plugins\/seo\/ -->\n<title>GESTI\u00d3N AMBIENTAL SOSTENIBLE - Extracto Memoria Sostenibilidad | Corporaci\u00f3n GPF<\/title>\n<meta name=\"robots\" content=\"index, follow, max-snippet:-1, max-image-preview:large, max-video-preview:-1\" \/>\n<link rel=\"canonical\" href=\"https:\/\/www.corporaciongpf.com\/memoria-sostenibilidad\/gestion-ambiental-sostenible\/\" \/>\n<meta property=\"og:locale\" content=\"es_ES\" \/>\n<meta property=\"og:type\" content=\"article\" \/>\n<meta property=\"og:title\" content=\"GESTI\u00d3N AMBIENTAL SOSTENIBLE - Extracto Memoria Sostenibilidad | Corporaci\u00f3n GPF\" \/>\n<meta property=\"og:url\" content=\"https:\/\/www.corporaciongpf.com\/memoria-sostenibilidad\/gestion-ambiental-sostenible\/\" \/>\n<meta property=\"og:site_name\" content=\"Extracto Memoria Sostenibilidad | Corporaci\u00f3n GPF\" \/>\n<meta property=\"article:modified_time\" content=\"2017-11-08T15:30:42+00:00\" \/>\n<meta property=\"og:image\" content=\"https:\/\/www.corporaciongpf.com\/memoria-sostenibilidad\/wp-content\/uploads\/2017\/09\/2-gestion-ambiental-sostenible-corporacion-gpf.jpg\" \/>\n<meta name=\"twitter:card\" content=\"summary_large_image\" \/>\n<meta name=\"twitter:label1\" content=\"Tiempo de lectura\" \/>\n\t<meta name=\"twitter:data1\" content=\"5 minutos\" \/>\n<script type=\"application\/ld+json\" class=\"yoast-schema-graph\">{\"@context\":\"https:\/\/schema.org\",\"@graph\":[{\"@type\":\"WebPage\",\"@id\":\"https:\/\/www.corporaciongpf.com\/memoria-sostenibilidad\/gestion-ambiental-sostenible\/\",\"url\":\"https:\/\/www.corporaciongpf.com\/memoria-sostenibilidad\/gestion-ambiental-sostenible\/\",\"name\":\"GESTI\u00d3N AMBIENTAL SOSTENIBLE - Extracto Memoria Sostenibilidad | Corporaci\u00f3n GPF\",\"isPartOf\":{\"@id\":\"https:\/\/www.corporaciongpf.com\/memoria-sostenibilidad\/#website\"},\"primaryImageOfPage\":{\"@id\":\"https:\/\/www.corporaciongpf.com\/memoria-sostenibilidad\/gestion-ambiental-sostenible\/#primaryimage\"},\"image\":{\"@id\":\"https:\/\/www.corporaciongpf.com\/memoria-sostenibilidad\/gestion-ambiental-sostenible\/#primaryimage\"},\"thumbnailUrl\":\"https:\/\/www.corporaciongpf.com\/memoria-sostenibilidad\/wp-content\/uploads\/2017\/09\/2-gestion-ambiental-sostenible-corporacion-gpf.jpg\",\"datePublished\":\"2017-10-03T03:40:41+00:00\",\"dateModified\":\"2017-11-08T15:30:42+00:00\",\"breadcrumb\":{\"@id\":\"https:\/\/www.corporaciongpf.com\/memoria-sostenibilidad\/gestion-ambiental-sostenible\/#breadcrumb\"},\"inLanguage\":\"es\",\"potentialAction\":[{\"@type\":\"ReadAction\",\"target\":[\"https:\/\/www.corporaciongpf.com\/memoria-sostenibilidad\/gestion-ambiental-sostenible\/\"]}]},{\"@type\":\"ImageObject\",\"inLanguage\":\"es\",\"@id\":\"https:\/\/www.corporaciongpf.com\/memoria-sostenibilidad\/gestion-ambiental-sostenible\/#primaryimage\",\"url\":\"https:\/\/www.corporaciongpf.com\/memoria-sostenibilidad\/wp-content\/uploads\/2017\/09\/2-gestion-ambiental-sostenible-corporacion-gpf.jpg\",\"contentUrl\":\"https:\/\/www.corporaciongpf.com\/memoria-sostenibilidad\/wp-content\/uploads\/2017\/09\/2-gestion-ambiental-sostenible-corporacion-gpf.jpg\",\"width\":800,\"height\":634},{\"@type\":\"BreadcrumbList\",\"@id\":\"https:\/\/www.corporaciongpf.com\/memoria-sostenibilidad\/gestion-ambiental-sostenible\/#breadcrumb\",\"itemListElement\":[{\"@type\":\"ListItem\",\"position\":1,\"name\":\"Portada\",\"item\":\"https:\/\/www.corporaciongpf.com\/memoria-sostenibilidad\/\"},{\"@type\":\"ListItem\",\"position\":2,\"name\":\"GESTI\u00d3N AMBIENTAL SOSTENIBLE\"}]},{\"@type\":\"WebSite\",\"@id\":\"https:\/\/www.corporaciongpf.com\/memoria-sostenibilidad\/#website\",\"url\":\"https:\/\/www.corporaciongpf.com\/memoria-sostenibilidad\/\",\"name\":\"Extracto Memoria Sostenibilidad | Corporaci\u00f3n GPF\",\"description\":\"Este es un extracto de la sexta Memoria de Sostenibilidad consecutiva publicada por la compa\u00f1\u00eda\",\"potentialAction\":[{\"@type\":\"SearchAction\",\"target\":{\"@type\":\"EntryPoint\",\"urlTemplate\":\"https:\/\/www.corporaciongpf.com\/memoria-sostenibilidad\/?s={search_term_string}\"},\"query-input\":{\"@type\":\"PropertyValueSpecification\",\"valueRequired\":true,\"valueName\":\"search_term_string\"}}],\"inLanguage\":\"es\"}]}<\/script>\n<!-- \/ Yoast SEO plugin. -->","yoast_head_json":{"title":"GESTI\u00d3N AMBIENTAL SOSTENIBLE - Extracto Memoria Sostenibilidad | Corporaci\u00f3n GPF","robots":{"index":"index","follow":"follow","max-snippet":"max-snippet:-1","max-image-preview":"max-image-preview:large","max-video-preview":"max-video-preview:-1"},"canonical":"https:\/\/www.corporaciongpf.com\/memoria-sostenibilidad\/gestion-ambiental-sostenible\/","og_locale":"es_ES","og_type":"article","og_title":"GESTI\u00d3N AMBIENTAL SOSTENIBLE - Extracto Memoria Sostenibilidad | Corporaci\u00f3n GPF","og_url":"https:\/\/www.corporaciongpf.com\/memoria-sostenibilidad\/gestion-ambiental-sostenible\/","og_site_name":"Extracto Memoria Sostenibilidad | Corporaci\u00f3n GPF","article_modified_time":"2017-11-08T15:30:42+00:00","og_image":[{"url":"https:\/\/www.corporaciongpf.com\/memoria-sostenibilidad\/wp-content\/uploads\/2017\/09\/2-gestion-ambiental-sostenible-corporacion-gpf.jpg","type":"","width":"","height":""}],"twitter_card":"summary_large_image","twitter_misc":{"Tiempo de lectura":"5 minutos"},"schema":{"@context":"https:\/\/schema.org","@graph":[{"@type":"WebPage","@id":"https:\/\/www.corporaciongpf.com\/memoria-sostenibilidad\/gestion-ambiental-sostenible\/","url":"https:\/\/www.corporaciongpf.com\/memoria-sostenibilidad\/gestion-ambiental-sostenible\/","name":"GESTI\u00d3N AMBIENTAL SOSTENIBLE - Extracto Memoria Sostenibilidad | Corporaci\u00f3n GPF","isPartOf":{"@id":"https:\/\/www.corporaciongpf.com\/memoria-sostenibilidad\/#website"},"primaryImageOfPage":{"@id":"https:\/\/www.corporaciongpf.com\/memoria-sostenibilidad\/gestion-ambiental-sostenible\/#primaryimage"},"image":{"@id":"https:\/\/www.corporaciongpf.com\/memoria-sostenibilidad\/gestion-ambiental-sostenible\/#primaryimage"},"thumbnailUrl":"https:\/\/www.corporaciongpf.com\/memoria-sostenibilidad\/wp-content\/uploads\/2017\/09\/2-gestion-ambiental-sostenible-corporacion-gpf.jpg","datePublished":"2017-10-03T03:40:41+00:00","dateModified":"2017-11-08T15:30:42+00:00","breadcrumb":{"@id":"https:\/\/www.corporaciongpf.com\/memoria-sostenibilidad\/gestion-ambiental-sostenible\/#breadcrumb"},"inLanguage":"es","potentialAction":[{"@type":"ReadAction","target":["https:\/\/www.corporaciongpf.com\/memoria-sostenibilidad\/gestion-ambiental-sostenible\/"]}]},{"@type":"ImageObject","inLanguage":"es","@id":"https:\/\/www.corporaciongpf.com\/memoria-sostenibilidad\/gestion-ambiental-sostenible\/#primaryimage","url":"https:\/\/www.corporaciongpf.com\/memoria-sostenibilidad\/wp-content\/uploads\/2017\/09\/2-gestion-ambiental-sostenible-corporacion-gpf.jpg","contentUrl":"https:\/\/www.corporaciongpf.com\/memoria-sostenibilidad\/wp-content\/uploads\/2017\/09\/2-gestion-ambiental-sostenible-corporacion-gpf.jpg","width":800,"height":634},{"@type":"BreadcrumbList","@id":"https:\/\/www.corporaciongpf.com\/memoria-sostenibilidad\/gestion-ambiental-sostenible\/#breadcrumb","itemListElement":[{"@type":"ListItem","position":1,"name":"Portada","item":"https:\/\/www.corporaciongpf.com\/memoria-sostenibilidad\/"},{"@type":"ListItem","position":2,"name":"GESTI\u00d3N AMBIENTAL SOSTENIBLE"}]},{"@type":"WebSite","@id":"https:\/\/www.corporaciongpf.com\/memoria-sostenibilidad\/#website","url":"https:\/\/www.corporaciongpf.com\/memoria-sostenibilidad\/","name":"Extracto Memoria Sostenibilidad | Corporaci\u00f3n GPF","description":"Este es un extracto de la sexta Memoria de Sostenibilidad consecutiva publicada por la compa\u00f1\u00eda","potentialAction":[{"@type":"SearchAction","target":{"@type":"EntryPoint","urlTemplate":"https:\/\/www.corporaciongpf.com\/memoria-sostenibilidad\/?s={search_term_string}"},"query-input":{"@type":"PropertyValueSpecification","valueRequired":true,"valueName":"search_term_string"}}],"inLanguage":"es"}]}},"_links":{"self":[{"href":"https:\/\/www.corporaciongpf.com\/memoria-sostenibilidad\/wp-json\/wp\/v2\/pages\/1389","targetHints":{"allow":["GET"]}}],"collection":[{"href":"https:\/\/www.corporaciongpf.com\/memoria-sostenibilidad\/wp-json\/wp\/v2\/pages"}],"about":[{"href":"https:\/\/www.corporaciongpf.com\/memoria-sostenibilidad\/wp-json\/wp\/v2\/types\/page"}],"author":[{"embeddable":true,"href":"https:\/\/www.corporaciongpf.com\/memoria-sostenibilidad\/wp-json\/wp\/v2\/users\/1"}],"replies":[{"embeddable":true,"href":"https:\/\/www.corporaciongpf.com\/memoria-sostenibilidad\/wp-json\/wp\/v2\/comments?post=1389"}],"version-history":[{"count":6,"href":"https:\/\/www.corporaciongpf.com\/memoria-sostenibilidad\/wp-json\/wp\/v2\/pages\/1389\/revisions"}],"predecessor-version":[{"id":1477,"href":"https:\/\/www.corporaciongpf.com\/memoria-sostenibilidad\/wp-json\/wp\/v2\/pages\/1389\/revisions\/1477"}],"wp:attachment":[{"href":"https:\/\/www.corporaciongpf.com\/memoria-sostenibilidad\/wp-json\/wp\/v2\/media?parent=1389"}],"curies":[{"name":"wp","href":"https:\/\/api.w.org\/{rel}","templated":true}]}}