{"id":1879,"date":"2019-05-02T00:58:47","date_gmt":"2019-05-02T00:58:47","guid":{"rendered":"https:\/\/www.corporaciongpf.com\/memoria-sostenibilidad\/?page_id=1879"},"modified":"2019-05-07T14:22:26","modified_gmt":"2019-05-07T14:22:26","slug":"sostenibilidad","status":"publish","type":"page","link":"https:\/\/www.corporaciongpf.com\/memoria-sostenibilidad\/memoria-de-sostenibilidad-2018\/sostenibilidad\/","title":{"rendered":"Sostenibilidad"},"content":{"rendered":"<style type=\"text\/css\"><\/style><div id=\"cs-content\" class=\"cs-content\"><\/div>\n","protected":false},"excerpt":{"rendered":"<p>EL NEGOCIO EL CLIENTE LOS PRODUCTOS SOSTENIBILIDAD alcanzados en ingresos durante 2018.Apoya a m\u00e1s de 1.300 ni\u00f1as y adolescentes de la Unidad Educativa Santa Luisa de Marillac con el programa Vidas con Prop\u00f3sito, que promueve su salud y bienestar integral.Apoya a la fundaci\u00f3n Ense\u00f1a Ecuador con recursos que permiten educar a m\u00e1s de 11.000 ni\u00f1os&#8230;<\/p>\n","protected":false},"author":1,"featured_media":0,"parent":1782,"menu_order":0,"comment_status":"closed","ping_status":"closed","template":"","meta":{"footnotes":""},"class_list":["post-1879","page","type-page","status-publish","hentry"],"yoast_head":"<!-- This site is optimized with the Yoast SEO plugin v26.0 - https:\/\/yoast.com\/wordpress\/plugins\/seo\/ -->\n<title>Sostenibilidad - Extracto Memoria Sostenibilidad | Corporaci\u00f3n GPF<\/title>\n<meta name=\"robots\" content=\"index, follow, max-snippet:-1, max-image-preview:large, max-video-preview:-1\" \/>\n<link rel=\"canonical\" href=\"https:\/\/www.corporaciongpf.com\/memoria-sostenibilidad\/memoria-de-sostenibilidad-2018\/sostenibilidad\/\" \/>\n<meta property=\"og:locale\" content=\"es_ES\" \/>\n<meta property=\"og:type\" content=\"article\" \/>\n<meta property=\"og:title\" content=\"Sostenibilidad - Extracto Memoria Sostenibilidad | Corporaci\u00f3n GPF\" \/>\n<meta property=\"og:description\" content=\"EL NEGOCIO EL CLIENTE LOS PRODUCTOS SOSTENIBILIDAD alcanzados en ingresos durante 2018.Apoya a m\u00e1s de 1.300 ni\u00f1as y adolescentes de la Unidad Educativa Santa Luisa de Marillac con el programa Vidas con Prop\u00f3sito, que promueve su salud y bienestar integral.Apoya a la fundaci\u00f3n Ense\u00f1a Ecuador con recursos que permiten educar a m\u00e1s de 11.000 ni\u00f1os...\" \/>\n<meta property=\"og:url\" content=\"https:\/\/www.corporaciongpf.com\/memoria-sostenibilidad\/memoria-de-sostenibilidad-2018\/sostenibilidad\/\" \/>\n<meta property=\"og:site_name\" content=\"Extracto Memoria Sostenibilidad | Corporaci\u00f3n GPF\" \/>\n<meta property=\"article:modified_time\" content=\"2019-05-07T14:22:26+00:00\" \/>\n<meta property=\"og:image\" content=\"https:\/\/www.corporaciongpf.com\/memoria-sostenibilidad\/2016\/wp-content\/uploads\/2019\/05\/sostenibilidad-18-corporacion-gpf.png\" \/>\n<meta name=\"twitter:card\" content=\"summary_large_image\" \/>\n<meta name=\"twitter:label1\" content=\"Tiempo de lectura\" \/>\n\t<meta name=\"twitter:data1\" content=\"6 minutos\" \/>\n<script type=\"application\/ld+json\" class=\"yoast-schema-graph\">{\"@context\":\"https:\/\/schema.org\",\"@graph\":[{\"@type\":\"WebPage\",\"@id\":\"https:\/\/www.corporaciongpf.com\/memoria-sostenibilidad\/memoria-de-sostenibilidad-2018\/sostenibilidad\/\",\"url\":\"https:\/\/www.corporaciongpf.com\/memoria-sostenibilidad\/memoria-de-sostenibilidad-2018\/sostenibilidad\/\",\"name\":\"Sostenibilidad - Extracto Memoria Sostenibilidad | Corporaci\u00f3n GPF\",\"isPartOf\":{\"@id\":\"https:\/\/www.corporaciongpf.com\/memoria-sostenibilidad\/#website\"},\"primaryImageOfPage\":{\"@id\":\"https:\/\/www.corporaciongpf.com\/memoria-sostenibilidad\/memoria-de-sostenibilidad-2018\/sostenibilidad\/#primaryimage\"},\"image\":{\"@id\":\"https:\/\/www.corporaciongpf.com\/memoria-sostenibilidad\/memoria-de-sostenibilidad-2018\/sostenibilidad\/#primaryimage\"},\"thumbnailUrl\":\"https:\/\/www.corporaciongpf.com\/memoria-sostenibilidad\/2016\/wp-content\/uploads\/2019\/05\/sostenibilidad-18-corporacion-gpf.png\",\"datePublished\":\"2019-05-02T00:58:47+00:00\",\"dateModified\":\"2019-05-07T14:22:26+00:00\",\"breadcrumb\":{\"@id\":\"https:\/\/www.corporaciongpf.com\/memoria-sostenibilidad\/memoria-de-sostenibilidad-2018\/sostenibilidad\/#breadcrumb\"},\"inLanguage\":\"es\",\"potentialAction\":[{\"@type\":\"ReadAction\",\"target\":[\"https:\/\/www.corporaciongpf.com\/memoria-sostenibilidad\/memoria-de-sostenibilidad-2018\/sostenibilidad\/\"]}]},{\"@type\":\"ImageObject\",\"inLanguage\":\"es\",\"@id\":\"https:\/\/www.corporaciongpf.com\/memoria-sostenibilidad\/memoria-de-sostenibilidad-2018\/sostenibilidad\/#primaryimage\",\"url\":\"https:\/\/www.corporaciongpf.com\/memoria-sostenibilidad\/2016\/wp-content\/uploads\/2019\/05\/sostenibilidad-18-corporacion-gpf.png\",\"contentUrl\":\"https:\/\/www.corporaciongpf.com\/memoria-sostenibilidad\/2016\/wp-content\/uploads\/2019\/05\/sostenibilidad-18-corporacion-gpf.png\"},{\"@type\":\"BreadcrumbList\",\"@id\":\"https:\/\/www.corporaciongpf.com\/memoria-sostenibilidad\/memoria-de-sostenibilidad-2018\/sostenibilidad\/#breadcrumb\",\"itemListElement\":[{\"@type\":\"ListItem\",\"position\":1,\"name\":\"Portada\",\"item\":\"https:\/\/www.corporaciongpf.com\/memoria-sostenibilidad\/\"},{\"@type\":\"ListItem\",\"position\":2,\"name\":\"Memoria de Sostenibilidad 2018\",\"item\":\"https:\/\/www.corporaciongpf.com\/memoria-sostenibilidad\/memoria-de-sostenibilidad-2018\/\"},{\"@type\":\"ListItem\",\"position\":3,\"name\":\"Sostenibilidad\"}]},{\"@type\":\"WebSite\",\"@id\":\"https:\/\/www.corporaciongpf.com\/memoria-sostenibilidad\/#website\",\"url\":\"https:\/\/www.corporaciongpf.com\/memoria-sostenibilidad\/\",\"name\":\"Extracto Memoria Sostenibilidad | Corporaci\u00f3n GPF\",\"description\":\"Este es un extracto de la sexta Memoria de Sostenibilidad consecutiva publicada por la compa\u00f1\u00eda\",\"potentialAction\":[{\"@type\":\"SearchAction\",\"target\":{\"@type\":\"EntryPoint\",\"urlTemplate\":\"https:\/\/www.corporaciongpf.com\/memoria-sostenibilidad\/?s={search_term_string}\"},\"query-input\":{\"@type\":\"PropertyValueSpecification\",\"valueRequired\":true,\"valueName\":\"search_term_string\"}}],\"inLanguage\":\"es\"}]}<\/script>\n<!-- \/ Yoast SEO plugin. -->","yoast_head_json":{"title":"Sostenibilidad - Extracto Memoria Sostenibilidad | Corporaci\u00f3n GPF","robots":{"index":"index","follow":"follow","max-snippet":"max-snippet:-1","max-image-preview":"max-image-preview:large","max-video-preview":"max-video-preview:-1"},"canonical":"https:\/\/www.corporaciongpf.com\/memoria-sostenibilidad\/memoria-de-sostenibilidad-2018\/sostenibilidad\/","og_locale":"es_ES","og_type":"article","og_title":"Sostenibilidad - Extracto Memoria Sostenibilidad | Corporaci\u00f3n GPF","og_description":"EL NEGOCIO EL CLIENTE LOS PRODUCTOS SOSTENIBILIDAD alcanzados en ingresos durante 2018.Apoya a m\u00e1s de 1.300 ni\u00f1as y adolescentes de la Unidad Educativa Santa Luisa de Marillac con el programa Vidas con Prop\u00f3sito, que promueve su salud y bienestar integral.Apoya a la fundaci\u00f3n Ense\u00f1a Ecuador con recursos que permiten educar a m\u00e1s de 11.000 ni\u00f1os...","og_url":"https:\/\/www.corporaciongpf.com\/memoria-sostenibilidad\/memoria-de-sostenibilidad-2018\/sostenibilidad\/","og_site_name":"Extracto Memoria Sostenibilidad | Corporaci\u00f3n GPF","article_modified_time":"2019-05-07T14:22:26+00:00","og_image":[{"url":"https:\/\/www.corporaciongpf.com\/memoria-sostenibilidad\/2016\/wp-content\/uploads\/2019\/05\/sostenibilidad-18-corporacion-gpf.png","type":"","width":"","height":""}],"twitter_card":"summary_large_image","twitter_misc":{"Tiempo de lectura":"6 minutos"},"schema":{"@context":"https:\/\/schema.org","@graph":[{"@type":"WebPage","@id":"https:\/\/www.corporaciongpf.com\/memoria-sostenibilidad\/memoria-de-sostenibilidad-2018\/sostenibilidad\/","url":"https:\/\/www.corporaciongpf.com\/memoria-sostenibilidad\/memoria-de-sostenibilidad-2018\/sostenibilidad\/","name":"Sostenibilidad - Extracto Memoria Sostenibilidad | Corporaci\u00f3n GPF","isPartOf":{"@id":"https:\/\/www.corporaciongpf.com\/memoria-sostenibilidad\/#website"},"primaryImageOfPage":{"@id":"https:\/\/www.corporaciongpf.com\/memoria-sostenibilidad\/memoria-de-sostenibilidad-2018\/sostenibilidad\/#primaryimage"},"image":{"@id":"https:\/\/www.corporaciongpf.com\/memoria-sostenibilidad\/memoria-de-sostenibilidad-2018\/sostenibilidad\/#primaryimage"},"thumbnailUrl":"https:\/\/www.corporaciongpf.com\/memoria-sostenibilidad\/2016\/wp-content\/uploads\/2019\/05\/sostenibilidad-18-corporacion-gpf.png","datePublished":"2019-05-02T00:58:47+00:00","dateModified":"2019-05-07T14:22:26+00:00","breadcrumb":{"@id":"https:\/\/www.corporaciongpf.com\/memoria-sostenibilidad\/memoria-de-sostenibilidad-2018\/sostenibilidad\/#breadcrumb"},"inLanguage":"es","potentialAction":[{"@type":"ReadAction","target":["https:\/\/www.corporaciongpf.com\/memoria-sostenibilidad\/memoria-de-sostenibilidad-2018\/sostenibilidad\/"]}]},{"@type":"ImageObject","inLanguage":"es","@id":"https:\/\/www.corporaciongpf.com\/memoria-sostenibilidad\/memoria-de-sostenibilidad-2018\/sostenibilidad\/#primaryimage","url":"https:\/\/www.corporaciongpf.com\/memoria-sostenibilidad\/2016\/wp-content\/uploads\/2019\/05\/sostenibilidad-18-corporacion-gpf.png","contentUrl":"https:\/\/www.corporaciongpf.com\/memoria-sostenibilidad\/2016\/wp-content\/uploads\/2019\/05\/sostenibilidad-18-corporacion-gpf.png"},{"@type":"BreadcrumbList","@id":"https:\/\/www.corporaciongpf.com\/memoria-sostenibilidad\/memoria-de-sostenibilidad-2018\/sostenibilidad\/#breadcrumb","itemListElement":[{"@type":"ListItem","position":1,"name":"Portada","item":"https:\/\/www.corporaciongpf.com\/memoria-sostenibilidad\/"},{"@type":"ListItem","position":2,"name":"Memoria de Sostenibilidad 2018","item":"https:\/\/www.corporaciongpf.com\/memoria-sostenibilidad\/memoria-de-sostenibilidad-2018\/"},{"@type":"ListItem","position":3,"name":"Sostenibilidad"}]},{"@type":"WebSite","@id":"https:\/\/www.corporaciongpf.com\/memoria-sostenibilidad\/#website","url":"https:\/\/www.corporaciongpf.com\/memoria-sostenibilidad\/","name":"Extracto Memoria Sostenibilidad | Corporaci\u00f3n GPF","description":"Este es un extracto de la sexta Memoria de Sostenibilidad consecutiva publicada por la compa\u00f1\u00eda","potentialAction":[{"@type":"SearchAction","target":{"@type":"EntryPoint","urlTemplate":"https:\/\/www.corporaciongpf.com\/memoria-sostenibilidad\/?s={search_term_string}"},"query-input":{"@type":"PropertyValueSpecification","valueRequired":true,"valueName":"search_term_string"}}],"inLanguage":"es"}]}},"_links":{"self":[{"href":"https:\/\/www.corporaciongpf.com\/memoria-sostenibilidad\/wp-json\/wp\/v2\/pages\/1879","targetHints":{"allow":["GET"]}}],"collection":[{"href":"https:\/\/www.corporaciongpf.com\/memoria-sostenibilidad\/wp-json\/wp\/v2\/pages"}],"about":[{"href":"https:\/\/www.corporaciongpf.com\/memoria-sostenibilidad\/wp-json\/wp\/v2\/types\/page"}],"author":[{"embeddable":true,"href":"https:\/\/www.corporaciongpf.com\/memoria-sostenibilidad\/wp-json\/wp\/v2\/users\/1"}],"replies":[{"embeddable":true,"href":"https:\/\/www.corporaciongpf.com\/memoria-sostenibilidad\/wp-json\/wp\/v2\/comments?post=1879"}],"version-history":[{"count":20,"href":"https:\/\/www.corporaciongpf.com\/memoria-sostenibilidad\/wp-json\/wp\/v2\/pages\/1879\/revisions"}],"predecessor-version":[{"id":1944,"href":"https:\/\/www.corporaciongpf.com\/memoria-sostenibilidad\/wp-json\/wp\/v2\/pages\/1879\/revisions\/1944"}],"up":[{"embeddable":true,"href":"https:\/\/www.corporaciongpf.com\/memoria-sostenibilidad\/wp-json\/wp\/v2\/pages\/1782"}],"wp:attachment":[{"href":"https:\/\/www.corporaciongpf.com\/memoria-sostenibilidad\/wp-json\/wp\/v2\/media?parent=1879"}],"curies":[{"name":"wp","href":"https:\/\/api.w.org\/{rel}","templated":true}]}}