{"id":1929,"date":"2019-05-03T01:00:05","date_gmt":"2019-05-03T01:00:05","guid":{"rendered":"https:\/\/www.corporaciongpf.com\/memoria-sostenibilidad\/?page_id=1929"},"modified":"2019-05-09T14:18:36","modified_gmt":"2019-05-09T14:18:36","slug":"mensaje-presidente","status":"publish","type":"page","link":"https:\/\/www.corporaciongpf.com\/memoria-sostenibilidad\/memoria-de-sostenibilidad-2018\/mensaje-presidente\/","title":{"rendered":"Mensaje del Presidente Ejecutivo"},"content":{"rendered":"<style type=\"text\/css\"><\/style><div id=\"cs-content\" class=\"cs-content\"><\/div>\n","protected":false},"excerpt":{"rendered":"<p>EL NEGOCIO EL CLIENTE LOS PRODUCTOS SOSTENIBILIDAD Estimados Amigos. La presente Memoria de Sostenibilidad quiere ser, ante todo, una expresi\u00f3n de gratitud a todos los estamentos de nuestra organizaci\u00f3n -accionistas, directorio, ejecutivos, colaboradores y socios estrat\u00e9gicos- por el respaldo y compromiso con las iniciativas emprendidas a lo largo de estos a\u00f1os para evolucionar a Corporaci\u00f3n&#8230;<\/p>\n","protected":false},"author":1,"featured_media":0,"parent":1782,"menu_order":0,"comment_status":"closed","ping_status":"closed","template":"","meta":{"footnotes":""},"class_list":["post-1929","page","type-page","status-publish","hentry"],"yoast_head":"<!-- This site is optimized with the Yoast SEO plugin v26.0 - https:\/\/yoast.com\/wordpress\/plugins\/seo\/ -->\n<title>Mensaje del Presidente Ejecutivo - Extracto Memoria Sostenibilidad | Corporaci\u00f3n GPF<\/title>\n<meta name=\"robots\" content=\"index, follow, max-snippet:-1, max-image-preview:large, max-video-preview:-1\" \/>\n<link rel=\"canonical\" href=\"https:\/\/www.corporaciongpf.com\/memoria-sostenibilidad\/memoria-de-sostenibilidad-2018\/mensaje-presidente\/\" \/>\n<meta property=\"og:locale\" content=\"es_ES\" \/>\n<meta property=\"og:type\" content=\"article\" \/>\n<meta property=\"og:title\" content=\"Mensaje del Presidente Ejecutivo - Extracto Memoria Sostenibilidad | Corporaci\u00f3n GPF\" \/>\n<meta property=\"og:description\" content=\"EL NEGOCIO EL CLIENTE LOS PRODUCTOS SOSTENIBILIDAD Estimados Amigos. La presente Memoria de Sostenibilidad quiere ser, ante todo, una expresi\u00f3n de gratitud a todos los estamentos de nuestra organizaci\u00f3n -accionistas, directorio, ejecutivos, colaboradores y socios estrat\u00e9gicos- por el respaldo y compromiso con las iniciativas emprendidas a lo largo de estos a\u00f1os para evolucionar a Corporaci\u00f3n...\" \/>\n<meta property=\"og:url\" content=\"https:\/\/www.corporaciongpf.com\/memoria-sostenibilidad\/memoria-de-sostenibilidad-2018\/mensaje-presidente\/\" \/>\n<meta property=\"og:site_name\" content=\"Extracto Memoria Sostenibilidad | Corporaci\u00f3n GPF\" \/>\n<meta property=\"article:modified_time\" content=\"2019-05-09T14:18:36+00:00\" \/>\n<meta name=\"twitter:card\" content=\"summary_large_image\" \/>\n<meta name=\"twitter:label1\" content=\"Tiempo de lectura\" \/>\n\t<meta name=\"twitter:data1\" content=\"1 minuto\" \/>\n<script type=\"application\/ld+json\" class=\"yoast-schema-graph\">{\"@context\":\"https:\/\/schema.org\",\"@graph\":[{\"@type\":\"WebPage\",\"@id\":\"https:\/\/www.corporaciongpf.com\/memoria-sostenibilidad\/memoria-de-sostenibilidad-2018\/mensaje-presidente\/\",\"url\":\"https:\/\/www.corporaciongpf.com\/memoria-sostenibilidad\/memoria-de-sostenibilidad-2018\/mensaje-presidente\/\",\"name\":\"Mensaje del Presidente Ejecutivo - Extracto Memoria Sostenibilidad | Corporaci\u00f3n GPF\",\"isPartOf\":{\"@id\":\"https:\/\/www.corporaciongpf.com\/memoria-sostenibilidad\/#website\"},\"datePublished\":\"2019-05-03T01:00:05+00:00\",\"dateModified\":\"2019-05-09T14:18:36+00:00\",\"breadcrumb\":{\"@id\":\"https:\/\/www.corporaciongpf.com\/memoria-sostenibilidad\/memoria-de-sostenibilidad-2018\/mensaje-presidente\/#breadcrumb\"},\"inLanguage\":\"es\",\"potentialAction\":[{\"@type\":\"ReadAction\",\"target\":[\"https:\/\/www.corporaciongpf.com\/memoria-sostenibilidad\/memoria-de-sostenibilidad-2018\/mensaje-presidente\/\"]}]},{\"@type\":\"BreadcrumbList\",\"@id\":\"https:\/\/www.corporaciongpf.com\/memoria-sostenibilidad\/memoria-de-sostenibilidad-2018\/mensaje-presidente\/#breadcrumb\",\"itemListElement\":[{\"@type\":\"ListItem\",\"position\":1,\"name\":\"Portada\",\"item\":\"https:\/\/www.corporaciongpf.com\/memoria-sostenibilidad\/\"},{\"@type\":\"ListItem\",\"position\":2,\"name\":\"Memoria de Sostenibilidad 2018\",\"item\":\"https:\/\/www.corporaciongpf.com\/memoria-sostenibilidad\/memoria-de-sostenibilidad-2018\/\"},{\"@type\":\"ListItem\",\"position\":3,\"name\":\"Mensaje del Presidente Ejecutivo\"}]},{\"@type\":\"WebSite\",\"@id\":\"https:\/\/www.corporaciongpf.com\/memoria-sostenibilidad\/#website\",\"url\":\"https:\/\/www.corporaciongpf.com\/memoria-sostenibilidad\/\",\"name\":\"Extracto Memoria Sostenibilidad | Corporaci\u00f3n GPF\",\"description\":\"Este es un extracto de la sexta Memoria de Sostenibilidad consecutiva publicada por la compa\u00f1\u00eda\",\"potentialAction\":[{\"@type\":\"SearchAction\",\"target\":{\"@type\":\"EntryPoint\",\"urlTemplate\":\"https:\/\/www.corporaciongpf.com\/memoria-sostenibilidad\/?s={search_term_string}\"},\"query-input\":{\"@type\":\"PropertyValueSpecification\",\"valueRequired\":true,\"valueName\":\"search_term_string\"}}],\"inLanguage\":\"es\"}]}<\/script>\n<!-- \/ Yoast SEO plugin. -->","yoast_head_json":{"title":"Mensaje del Presidente Ejecutivo - Extracto Memoria Sostenibilidad | Corporaci\u00f3n GPF","robots":{"index":"index","follow":"follow","max-snippet":"max-snippet:-1","max-image-preview":"max-image-preview:large","max-video-preview":"max-video-preview:-1"},"canonical":"https:\/\/www.corporaciongpf.com\/memoria-sostenibilidad\/memoria-de-sostenibilidad-2018\/mensaje-presidente\/","og_locale":"es_ES","og_type":"article","og_title":"Mensaje del Presidente Ejecutivo - Extracto Memoria Sostenibilidad | Corporaci\u00f3n GPF","og_description":"EL NEGOCIO EL CLIENTE LOS PRODUCTOS SOSTENIBILIDAD Estimados Amigos. La presente Memoria de Sostenibilidad quiere ser, ante todo, una expresi\u00f3n de gratitud a todos los estamentos de nuestra organizaci\u00f3n -accionistas, directorio, ejecutivos, colaboradores y socios estrat\u00e9gicos- por el respaldo y compromiso con las iniciativas emprendidas a lo largo de estos a\u00f1os para evolucionar a Corporaci\u00f3n...","og_url":"https:\/\/www.corporaciongpf.com\/memoria-sostenibilidad\/memoria-de-sostenibilidad-2018\/mensaje-presidente\/","og_site_name":"Extracto Memoria Sostenibilidad | Corporaci\u00f3n GPF","article_modified_time":"2019-05-09T14:18:36+00:00","twitter_card":"summary_large_image","twitter_misc":{"Tiempo de lectura":"1 minuto"},"schema":{"@context":"https:\/\/schema.org","@graph":[{"@type":"WebPage","@id":"https:\/\/www.corporaciongpf.com\/memoria-sostenibilidad\/memoria-de-sostenibilidad-2018\/mensaje-presidente\/","url":"https:\/\/www.corporaciongpf.com\/memoria-sostenibilidad\/memoria-de-sostenibilidad-2018\/mensaje-presidente\/","name":"Mensaje del Presidente Ejecutivo - Extracto Memoria Sostenibilidad | Corporaci\u00f3n GPF","isPartOf":{"@id":"https:\/\/www.corporaciongpf.com\/memoria-sostenibilidad\/#website"},"datePublished":"2019-05-03T01:00:05+00:00","dateModified":"2019-05-09T14:18:36+00:00","breadcrumb":{"@id":"https:\/\/www.corporaciongpf.com\/memoria-sostenibilidad\/memoria-de-sostenibilidad-2018\/mensaje-presidente\/#breadcrumb"},"inLanguage":"es","potentialAction":[{"@type":"ReadAction","target":["https:\/\/www.corporaciongpf.com\/memoria-sostenibilidad\/memoria-de-sostenibilidad-2018\/mensaje-presidente\/"]}]},{"@type":"BreadcrumbList","@id":"https:\/\/www.corporaciongpf.com\/memoria-sostenibilidad\/memoria-de-sostenibilidad-2018\/mensaje-presidente\/#breadcrumb","itemListElement":[{"@type":"ListItem","position":1,"name":"Portada","item":"https:\/\/www.corporaciongpf.com\/memoria-sostenibilidad\/"},{"@type":"ListItem","position":2,"name":"Memoria de Sostenibilidad 2018","item":"https:\/\/www.corporaciongpf.com\/memoria-sostenibilidad\/memoria-de-sostenibilidad-2018\/"},{"@type":"ListItem","position":3,"name":"Mensaje del Presidente Ejecutivo"}]},{"@type":"WebSite","@id":"https:\/\/www.corporaciongpf.com\/memoria-sostenibilidad\/#website","url":"https:\/\/www.corporaciongpf.com\/memoria-sostenibilidad\/","name":"Extracto Memoria Sostenibilidad | Corporaci\u00f3n GPF","description":"Este es un extracto de la sexta Memoria de Sostenibilidad consecutiva publicada por la compa\u00f1\u00eda","potentialAction":[{"@type":"SearchAction","target":{"@type":"EntryPoint","urlTemplate":"https:\/\/www.corporaciongpf.com\/memoria-sostenibilidad\/?s={search_term_string}"},"query-input":{"@type":"PropertyValueSpecification","valueRequired":true,"valueName":"search_term_string"}}],"inLanguage":"es"}]}},"_links":{"self":[{"href":"https:\/\/www.corporaciongpf.com\/memoria-sostenibilidad\/wp-json\/wp\/v2\/pages\/1929","targetHints":{"allow":["GET"]}}],"collection":[{"href":"https:\/\/www.corporaciongpf.com\/memoria-sostenibilidad\/wp-json\/wp\/v2\/pages"}],"about":[{"href":"https:\/\/www.corporaciongpf.com\/memoria-sostenibilidad\/wp-json\/wp\/v2\/types\/page"}],"author":[{"embeddable":true,"href":"https:\/\/www.corporaciongpf.com\/memoria-sostenibilidad\/wp-json\/wp\/v2\/users\/1"}],"replies":[{"embeddable":true,"href":"https:\/\/www.corporaciongpf.com\/memoria-sostenibilidad\/wp-json\/wp\/v2\/comments?post=1929"}],"version-history":[{"count":8,"href":"https:\/\/www.corporaciongpf.com\/memoria-sostenibilidad\/wp-json\/wp\/v2\/pages\/1929\/revisions"}],"predecessor-version":[{"id":1956,"href":"https:\/\/www.corporaciongpf.com\/memoria-sostenibilidad\/wp-json\/wp\/v2\/pages\/1929\/revisions\/1956"}],"up":[{"embeddable":true,"href":"https:\/\/www.corporaciongpf.com\/memoria-sostenibilidad\/wp-json\/wp\/v2\/pages\/1782"}],"wp:attachment":[{"href":"https:\/\/www.corporaciongpf.com\/memoria-sostenibilidad\/wp-json\/wp\/v2\/media?parent=1929"}],"curies":[{"name":"wp","href":"https:\/\/api.w.org\/{rel}","templated":true}]}}