{"id":2,"date":"2016-09-26T17:18:28","date_gmt":"2016-09-26T17:18:28","guid":{"rendered":"https:\/\/www.corporaciongpf.com\/memoria-sostenibilidad\/2016\/?page_id=2"},"modified":"2018-06-07T03:03:13","modified_gmt":"2018-06-07T03:03:13","slug":"memoria-sostenibilidad-2016","status":"publish","type":"page","link":"https:\/\/www.corporaciongpf.com\/memoria-sostenibilidad\/memoria-sostenibilidad-2016\/","title":{"rendered":"Memoria de Sostenibilidad 2016"},"content":{"rendered":"<style type=\"text\/css\"> \n#cmsmasters_row_6a059484ee155 .cmsmasters_row_outer_parent { \n\tpadding-top: 0px; \n} \n\n#cmsmasters_row_6a059484ee155 .cmsmasters_row_outer_parent { \n\tpadding-bottom: 50px; \n} \n\n \n#cmsmasters_divider_6a059484ee2cd { \n\tborder-bottom-width:1px; \n\tborder-bottom-style:solid; \n\tpadding-top:50px; \n\tmargin-bottom:50px; \n} \n \n#cmsmasters_row_6a059484ee334 .cmsmasters_row_outer_parent { \n\tpadding-top: 0px; \n} \n\n#cmsmasters_row_6a059484ee334 .cmsmasters_row_outer_parent { \n\tpadding-bottom: 50px; \n} \n\n\n#cmsmasters_button_6a059484ee75a { \n\ttext-align:center; \n} \n\n#cmsmasters_button_6a059484ee75a .cmsmasters_button:before { \n\tmargin-right:.5em; \n\tmargin-left:0; \n\tvertical-align:baseline; \n} \n\n#cmsmasters_button_6a059484ee75a .cmsmasters_button { \n\tfont-weight:normal; \n\tfont-style:normal; \n\tborder-style:solid; \n} \n#cmsmasters_button_6a059484ee75a .cmsmasters_button:hover { \n} \n \n#cmsmasters_row_6a059484ee7f3 .cmsmasters_row_outer_parent { \n\tpadding-top: 0px; \n} \n\n#cmsmasters_row_6a059484ee7f3 .cmsmasters_row_outer_parent { \n\tpadding-bottom: 50px; \n} \n\n \n#cmsmasters_row_6a059484eeeaf { \n\tbackground-color:#67b8b7;\n} \n\n#cmsmasters_row_6a059484eeeaf .cmsmasters_row_outer_parent { \n\tpadding-top: 0px; \n} \n\n#cmsmasters_row_6a059484eeeaf .cmsmasters_row_outer_parent { \n\tpadding-bottom: 50px; \n} \n\n \n#cmsmasters_divider_6a059484eefef { \n\tborder-bottom-width:1px; \n\tborder-bottom-style:solid; \n\tpadding-top:50px; \n\tmargin-bottom:50px; \n} \n<\/style><div id=\"cmsmasters_row_6a059484ee155\" class=\"cmsmasters_row cmsmasters_color_scheme_default cmsmasters_row_top_default cmsmasters_row_bot_default cmsmasters_row_boxed\">\n<div class=\"cmsmasters_row_outer_parent\">\n<div class=\"cmsmasters_row_outer\">\n<div class=\"cmsmasters_row_inner\">\n<div class=\"cmsmasters_row_margin\">\n<div class=\"cmsmasters_column one_first\">\n<div class=\"cmsmasters_slider\">[rev_slider alias=\"home6\"]<\/div>\n<div id=\"cmsmasters_divider_6a059484ee2cd\" class=\"cmsmasters_divider cmsmasters_divider_width_long cmsmasters_divider_pos_center\"><\/div>\n<\/div>\n<\/div>\n<\/div>\n<\/div>\n<\/div>\n<\/div>\n<div id=\"cmsmasters_row_6a059484ee334\" class=\"cmsmasters_row cmsmasters_color_scheme_default cmsmasters_row_top_default cmsmasters_row_bot_default cmsmasters_row_boxed\">\n<div class=\"cmsmasters_row_outer_parent\">\n<div class=\"cmsmasters_row_outer\">\n<div class=\"cmsmasters_row_inner\">\n<div class=\"cmsmasters_row_margin\">\n<div class=\"cmsmasters_column one_first\">\n<div class=\"cmsmasters_text\">\n<p style=\"text-align: center;\">A trav\u00e9s de este documento, Corporaci\u00f3n GPF expone los puntos centrales m\u00e1s relevantes de su Memoria de Sostenibilidad 2016, acerca de su desempe\u00f1o en materia econ\u00f3mica, social y ambiental.<\/p>\n<p style=\"text-align: center;\">Este es un extracto de la sexta Memoria de Sostenibilidad consecutiva publicada por la compa\u00f1\u00eda, conforme a las directrices de la Gu\u00eda para la elaboraci\u00f3n de memorias de sostenibilidad del Global Reporting Initiative (GRI), en su versi\u00f3n G4. Ha sido verificada externamente por Deloitte &amp; Touche Ecuador CIA LTDA.<\/p>\n<\/div>\n\n<div id=\"cmsmasters_button_6a059484ee75a\" class=\"button_wrap\"><a href=\"https:\/\/www.corporaciongpf.com\/memoria-sostenibilidad\/wp-content\/uploads\/2017\/09\/MemoriaGPF-2017.pdf\" class=\"ripple cmsmasters_button\" target=\"_blank\"><span>MEMORIA 2016<\/span><\/a><\/div>\n<\/div>\n<\/div>\n<\/div>\n<\/div>\n<\/div>\n<\/div>\n<div id=\"cmsmasters_row_6a059484ee7f3\" class=\"cmsmasters_row cmsmasters_color_scheme_default cmsmasters_row_top_default cmsmasters_row_bot_default cmsmasters_row_boxed\">\n<div class=\"cmsmasters_row_outer_parent\">\n<div class=\"cmsmasters_row_outer\">\n<div class=\"cmsmasters_row_inner\">\n<div class=\"cmsmasters_row_margin\">\n<div class=\"cmsmasters_column one_half\">\n<div class=\"aligncenter\">\n<div class=\"cmsmasters_img  cmsmasters_image_c\">\n<img decoding=\"async\" src=\"https:\/\/www.corporaciongpf.com\/memoria-sostenibilidad\/wp-content\/uploads\/2017\/09\/luis-enrique-coloma-corporacion-gpf.jpg\" alt=\"\" \/>\n<\/div>\n<\/div>\n<\/div>\n<div class=\"cmsmasters_column one_half\">\n<div class=\"cmsmasters_text\">\n<h1 style=\"text-align: center;\"><\/h1>\n<h1 style=\"text-align: center;\">MENSAJE DEL PRESIDENTE EJECUTIVO<\/h1>\n<p style=\"text-align: center;\">La excelencia en el servicio, la innovaci\u00f3n y la solidaridad han sido valores gu\u00edas de Corporaci\u00f3n GPF que desde hace m\u00e1s de 87 a\u00f1os est\u00e1 convencida de que \u201cintegridad crea confianza\u201d.<\/p>\n<div id=\"cmsmasters_button_59ca8a5f9d577\" class=\"button_wrap\" style=\"text-align: center;\" align=\"center\"><a class=\"ripple cmsmasters_button\" href=\"https:\/\/www.corporaciongpf.com\/memoria-sostenibilidad\/mensaje-del-presidente-ejecutivo\/\">Seguir Leyendo&#8230;<\/a><\/div>\n<\/div>\n<\/div>\n<\/div>\n<\/div>\n<\/div>\n<\/div>\n<\/div>\n<div id=\"cmsmasters_row_6a059484eeeaf\" class=\"cmsmasters_row cmsmasters_color_scheme_default cmsmasters_row_top_default cmsmasters_row_bot_default cmsmasters_row_boxed\">\n<div class=\"cmsmasters_row_outer_parent\">\n<div class=\"cmsmasters_row_outer\">\n<div class=\"cmsmasters_row_inner\">\n<div class=\"cmsmasters_row_margin\">\n<div class=\"cmsmasters_column one_first\">\n\n<div id=\"cmsmasters_divider_6a059484eefef\" class=\"cmsmasters_divider cmsmasters_divider_width_long cmsmasters_divider_pos_center\"><\/div><div class=\"custom_html\">\n<p><a href=\"https:\/\/www.corporaciongpf.com\/memoria-sostenibilidad\/2016\/modelo-de-negocios\/\"><img decoding=\"async\" src=\"https:\/\/www.corporaciongpf.com\/memoria-sostenibilidad\/2016\/wp-content\/uploads\/2017\/09\/modelo-de-negocio-corporacion-gpf.jpg\" alt=\"\" width=\"185\" border=\"0\"\/><\/a><a href=\"https:\/\/www.corporaciongpf.com\/memoria-sostenibilidad\/2016\/filosofia-corporativa\/\">  <img decoding=\"async\" src=\"https:\/\/www.corporaciongpf.com\/memoria-sostenibilidad\/2016\/wp-content\/uploads\/2017\/09\/filosofia-corporativa-corporacion-gpf.jpg\" alt=\"\" width=\"185\" border=\"0\"\/>  <\/a><a href=\"https:\/\/www.corporaciongpf.com\/memoria-sostenibilidad\/2016\/modelo-de-gestion\/\"><img decoding=\"async\" src=\"https:\/\/www.corporaciongpf.com\/memoria-sostenibilidad\/2016\/wp-content\/uploads\/2017\/09\/modelo-gestion-corporacion-gpf.jpg\" alt=\"\" width=\"185\" border=\"0\"\/>  <\/a><a href=\"https:\/\/www.corporaciongpf.com\/memoria-sostenibilidad\/2016\/gpf-en-cifras\/\"><img decoding=\"async\" src=\"https:\/\/www.corporaciongpf.com\/memoria-sostenibilidad\/2016\/wp-content\/uploads\/2017\/09\/cifras-gpf.jpg\" alt=\"\" width=\"185\" border=\"0\"\/><\/a>  <a href=\"https:\/\/www.corporaciongpf.com\/memoria-sostenibilidad\/2016\/innovacion\/\"><img decoding=\"async\" src=\"https:\/\/www.corporaciongpf.com\/memoria-sostenibilidad\/2016\/wp-content\/uploads\/2017\/09\/innovacion-gpf.jpg\" alt=\"\" width=\"185\" border=\"0\"\/><\/a><\/p>\n<p><a href=\"https:\/\/www.corporaciongpf.com\/memoria-sostenibilidad\/2016\/centro-de-logistica\/\"><img decoding=\"async\" src=\"https:\/\/www.corporaciongpf.com\/memoria-sostenibilidad\/2016\/wp-content\/uploads\/2017\/09\/centro-logistica-corporativa-corporacion-gpf.jpg\" alt=\"\" width=\"185\" border=\"0\"\/><\/a>   <a href=\"https:\/\/www.corporaciongpf.com\/memoria-sostenibilidad\/2016\/practicas-laborables-responsables\/\"><img decoding=\"async\" src=\"https:\/\/www.corporaciongpf.com\/memoria-sostenibilidad\/2016\/wp-content\/uploads\/2017\/09\/practicas-laborales-responsables-corporacion-gpf.jpg\" alt=\"\" width=\"185\" border=\"0\"\/>  <\/a><a href=\"https:\/\/www.corporaciongpf.com\/memoria-sostenibilidad\/2016\/diversidad-e-igualdad-oportunidades\/\"><img decoding=\"async\" src=\"https:\/\/www.corporaciongpf.com\/memoria-sostenibilidad\/2016\/wp-content\/uploads\/2017\/09\/oportunidades-corporacion-gpf.jpg\" alt=\"\" width=\"185\" border=\"0\"\/>  <\/a><a href=\"https:\/\/www.corporaciongpf.com\/memoria-sostenibilidad\/2016\/participacion-la-comunidad\/\"><img decoding=\"async\" src=\"https:\/\/www.corporaciongpf.com\/memoria-sostenibilidad\/2016\/wp-content\/uploads\/2017\/09\/comunidad-corporacion-gpf.jpg\" alt=\"\" width=\"185\" border=\"0\"\/>  <\/a><a href=\"https:\/\/www.corporaciongpf.com\/memoria-sostenibilidad\/2016\/gpf-en-cifras\/\"><\/a><a href=\"https:\/\/www.corporaciongpf.com\/memoria-sostenibilidad\/2016\/gestion-ambiental-sostenible\/\"><img decoding=\"async\" src=\"https:\/\/www.corporaciongpf.com\/memoria-sostenibilidad\/2016\/wp-content\/uploads\/2017\/09\/gestion-ambiental-sostenible-corporacion-gpf.jpg\" alt=\"\" width=\"185\" border=\"0\"\/><\/a><\/p>\n<\/div>\n<\/div>\n<\/div>\n<\/div>\n<\/div>\n<\/div>\n<\/div>\n\n","protected":false},"excerpt":{"rendered":"","protected":false},"author":1,"featured_media":0,"parent":0,"menu_order":0,"comment_status":"closed","ping_status":"open","template":"","meta":{"footnotes":""},"class_list":["post-2","page","type-page","status-publish","hentry"],"yoast_head":"<!-- This site is optimized with the Yoast SEO plugin v26.0 - https:\/\/yoast.com\/wordpress\/plugins\/seo\/ -->\n<title>Memoria de Sostenibilidad 2016 - Extracto Memoria Sostenibilidad | Corporaci\u00f3n GPF<\/title>\n<meta name=\"description\" content=\"M\u00e1s de 85 a\u00f1os de trayectoria convierten a Corporaci\u00f3n GPF en un referente de buenas pr\u00e1cticas en gobierno corporativo, innovaci\u00f3n y atenci\u00f3n al cliente.\" \/>\n<meta name=\"robots\" content=\"index, follow, max-snippet:-1, max-image-preview:large, max-video-preview:-1\" \/>\n<link rel=\"canonical\" href=\"https:\/\/www.corporaciongpf.com\/memoria-sostenibilidad\/memoria-sostenibilidad-2016\/\" \/>\n<meta property=\"og:locale\" content=\"es_ES\" \/>\n<meta property=\"og:type\" content=\"article\" \/>\n<meta property=\"og:title\" content=\"Memoria de Sostenibilidad 2016 - Extracto Memoria Sostenibilidad | Corporaci\u00f3n GPF\" \/>\n<meta property=\"og:description\" content=\"M\u00e1s de 85 a\u00f1os de trayectoria convierten a Corporaci\u00f3n GPF en un referente de buenas pr\u00e1cticas en gobierno corporativo, innovaci\u00f3n y atenci\u00f3n al cliente.\" \/>\n<meta property=\"og:url\" content=\"https:\/\/www.corporaciongpf.com\/memoria-sostenibilidad\/memoria-sostenibilidad-2016\/\" \/>\n<meta property=\"og:site_name\" content=\"Extracto Memoria Sostenibilidad | Corporaci\u00f3n GPF\" \/>\n<meta property=\"article:modified_time\" content=\"2018-06-07T03:03:13+00:00\" \/>\n<meta name=\"twitter:card\" content=\"summary_large_image\" \/>\n<meta name=\"twitter:label1\" content=\"Tiempo de lectura\" \/>\n\t<meta name=\"twitter:data1\" content=\"5 minutos\" \/>\n<script type=\"application\/ld+json\" class=\"yoast-schema-graph\">{\"@context\":\"https:\/\/schema.org\",\"@graph\":[{\"@type\":\"WebPage\",\"@id\":\"https:\/\/www.corporaciongpf.com\/memoria-sostenibilidad\/memoria-sostenibilidad-2016\/\",\"url\":\"https:\/\/www.corporaciongpf.com\/memoria-sostenibilidad\/memoria-sostenibilidad-2016\/\",\"name\":\"Memoria de Sostenibilidad 2016 - Extracto Memoria Sostenibilidad | Corporaci\u00f3n GPF\",\"isPartOf\":{\"@id\":\"https:\/\/www.corporaciongpf.com\/memoria-sostenibilidad\/#website\"},\"datePublished\":\"2016-09-26T17:18:28+00:00\",\"dateModified\":\"2018-06-07T03:03:13+00:00\",\"description\":\"M\u00e1s de 85 a\u00f1os de trayectoria convierten a Corporaci\u00f3n GPF en un referente de buenas pr\u00e1cticas en gobierno corporativo, innovaci\u00f3n y atenci\u00f3n al cliente.\",\"breadcrumb\":{\"@id\":\"https:\/\/www.corporaciongpf.com\/memoria-sostenibilidad\/memoria-sostenibilidad-2016\/#breadcrumb\"},\"inLanguage\":\"es\",\"potentialAction\":[{\"@type\":\"ReadAction\",\"target\":[\"https:\/\/www.corporaciongpf.com\/memoria-sostenibilidad\/memoria-sostenibilidad-2016\/\"]}]},{\"@type\":\"BreadcrumbList\",\"@id\":\"https:\/\/www.corporaciongpf.com\/memoria-sostenibilidad\/memoria-sostenibilidad-2016\/#breadcrumb\",\"itemListElement\":[{\"@type\":\"ListItem\",\"position\":1,\"name\":\"Portada\",\"item\":\"https:\/\/www.corporaciongpf.com\/memoria-sostenibilidad\/\"},{\"@type\":\"ListItem\",\"position\":2,\"name\":\"Memoria de Sostenibilidad 2016\"}]},{\"@type\":\"WebSite\",\"@id\":\"https:\/\/www.corporaciongpf.com\/memoria-sostenibilidad\/#website\",\"url\":\"https:\/\/www.corporaciongpf.com\/memoria-sostenibilidad\/\",\"name\":\"Extracto Memoria Sostenibilidad | Corporaci\u00f3n GPF\",\"description\":\"Este es un extracto de la sexta Memoria de Sostenibilidad consecutiva publicada por la compa\u00f1\u00eda\",\"potentialAction\":[{\"@type\":\"SearchAction\",\"target\":{\"@type\":\"EntryPoint\",\"urlTemplate\":\"https:\/\/www.corporaciongpf.com\/memoria-sostenibilidad\/?s={search_term_string}\"},\"query-input\":{\"@type\":\"PropertyValueSpecification\",\"valueRequired\":true,\"valueName\":\"search_term_string\"}}],\"inLanguage\":\"es\"}]}<\/script>\n<!-- \/ Yoast SEO plugin. -->","yoast_head_json":{"title":"Memoria de Sostenibilidad 2016 - Extracto Memoria Sostenibilidad | Corporaci\u00f3n GPF","description":"M\u00e1s de 85 a\u00f1os de trayectoria convierten a Corporaci\u00f3n GPF en un referente de buenas pr\u00e1cticas en gobierno corporativo, innovaci\u00f3n y atenci\u00f3n al cliente.","robots":{"index":"index","follow":"follow","max-snippet":"max-snippet:-1","max-image-preview":"max-image-preview:large","max-video-preview":"max-video-preview:-1"},"canonical":"https:\/\/www.corporaciongpf.com\/memoria-sostenibilidad\/memoria-sostenibilidad-2016\/","og_locale":"es_ES","og_type":"article","og_title":"Memoria de Sostenibilidad 2016 - Extracto Memoria Sostenibilidad | Corporaci\u00f3n GPF","og_description":"M\u00e1s de 85 a\u00f1os de trayectoria convierten a Corporaci\u00f3n GPF en un referente de buenas pr\u00e1cticas en gobierno corporativo, innovaci\u00f3n y atenci\u00f3n al cliente.","og_url":"https:\/\/www.corporaciongpf.com\/memoria-sostenibilidad\/memoria-sostenibilidad-2016\/","og_site_name":"Extracto Memoria Sostenibilidad | Corporaci\u00f3n GPF","article_modified_time":"2018-06-07T03:03:13+00:00","twitter_card":"summary_large_image","twitter_misc":{"Tiempo de lectura":"5 minutos"},"schema":{"@context":"https:\/\/schema.org","@graph":[{"@type":"WebPage","@id":"https:\/\/www.corporaciongpf.com\/memoria-sostenibilidad\/memoria-sostenibilidad-2016\/","url":"https:\/\/www.corporaciongpf.com\/memoria-sostenibilidad\/memoria-sostenibilidad-2016\/","name":"Memoria de Sostenibilidad 2016 - Extracto Memoria Sostenibilidad | Corporaci\u00f3n GPF","isPartOf":{"@id":"https:\/\/www.corporaciongpf.com\/memoria-sostenibilidad\/#website"},"datePublished":"2016-09-26T17:18:28+00:00","dateModified":"2018-06-07T03:03:13+00:00","description":"M\u00e1s de 85 a\u00f1os de trayectoria convierten a Corporaci\u00f3n GPF en un referente de buenas pr\u00e1cticas en gobierno corporativo, innovaci\u00f3n y atenci\u00f3n al cliente.","breadcrumb":{"@id":"https:\/\/www.corporaciongpf.com\/memoria-sostenibilidad\/memoria-sostenibilidad-2016\/#breadcrumb"},"inLanguage":"es","potentialAction":[{"@type":"ReadAction","target":["https:\/\/www.corporaciongpf.com\/memoria-sostenibilidad\/memoria-sostenibilidad-2016\/"]}]},{"@type":"BreadcrumbList","@id":"https:\/\/www.corporaciongpf.com\/memoria-sostenibilidad\/memoria-sostenibilidad-2016\/#breadcrumb","itemListElement":[{"@type":"ListItem","position":1,"name":"Portada","item":"https:\/\/www.corporaciongpf.com\/memoria-sostenibilidad\/"},{"@type":"ListItem","position":2,"name":"Memoria de Sostenibilidad 2016"}]},{"@type":"WebSite","@id":"https:\/\/www.corporaciongpf.com\/memoria-sostenibilidad\/#website","url":"https:\/\/www.corporaciongpf.com\/memoria-sostenibilidad\/","name":"Extracto Memoria Sostenibilidad | Corporaci\u00f3n GPF","description":"Este es un extracto de la sexta Memoria de Sostenibilidad consecutiva publicada por la compa\u00f1\u00eda","potentialAction":[{"@type":"SearchAction","target":{"@type":"EntryPoint","urlTemplate":"https:\/\/www.corporaciongpf.com\/memoria-sostenibilidad\/?s={search_term_string}"},"query-input":{"@type":"PropertyValueSpecification","valueRequired":true,"valueName":"search_term_string"}}],"inLanguage":"es"}]}},"_links":{"self":[{"href":"https:\/\/www.corporaciongpf.com\/memoria-sostenibilidad\/wp-json\/wp\/v2\/pages\/2","targetHints":{"allow":["GET"]}}],"collection":[{"href":"https:\/\/www.corporaciongpf.com\/memoria-sostenibilidad\/wp-json\/wp\/v2\/pages"}],"about":[{"href":"https:\/\/www.corporaciongpf.com\/memoria-sostenibilidad\/wp-json\/wp\/v2\/types\/page"}],"author":[{"embeddable":true,"href":"https:\/\/www.corporaciongpf.com\/memoria-sostenibilidad\/wp-json\/wp\/v2\/users\/1"}],"replies":[{"embeddable":true,"href":"https:\/\/www.corporaciongpf.com\/memoria-sostenibilidad\/wp-json\/wp\/v2\/comments?post=2"}],"version-history":[{"count":219,"href":"https:\/\/www.corporaciongpf.com\/memoria-sostenibilidad\/wp-json\/wp\/v2\/pages\/2\/revisions"}],"predecessor-version":[{"id":1645,"href":"https:\/\/www.corporaciongpf.com\/memoria-sostenibilidad\/wp-json\/wp\/v2\/pages\/2\/revisions\/1645"}],"wp:attachment":[{"href":"https:\/\/www.corporaciongpf.com\/memoria-sostenibilidad\/wp-json\/wp\/v2\/media?parent=2"}],"curies":[{"name":"wp","href":"https:\/\/api.w.org\/{rel}","templated":true}]}}