{"id":2160,"date":"2020-08-07T05:30:43","date_gmt":"2020-08-07T05:30:43","guid":{"rendered":"https:\/\/www.corporaciongpf.com\/memoria-sostenibilidad\/?page_id=2160"},"modified":"2020-11-06T03:28:40","modified_gmt":"2020-11-06T03:28:40","slug":"ambiente","status":"publish","type":"page","link":"https:\/\/www.corporaciongpf.com\/memoria-sostenibilidad\/memoria-sostenibilidad-2019\/ambiente\/","title":{"rendered":"El Ambiente y Entorno"},"content":{"rendered":"<style type=\"text\/css\"><\/style><div id=\"cs-content\" class=\"cs-content\"><\/div>\n","protected":false},"excerpt":{"rendered":"<p>El sistema de gesti\u00f3n ambiental de Corporaci\u00f3n GPF, identifica los riesgos y oportunidades en torno al ambiente. La reducci\u00f3n de riesgos ambientales es el principal aspecto de mitigaci\u00f3n, algunas de las acciones que aportan a este enfoque son:1. Disminuci\u00f3n del impacto de las actividades a trav\u00e9s de la medici\u00f3n de la Huella de Carbono con&#8230;<\/p>\n","protected":false},"author":1,"featured_media":0,"parent":2025,"menu_order":0,"comment_status":"closed","ping_status":"closed","template":"","meta":{"footnotes":""},"class_list":["post-2160","page","type-page","status-publish","hentry"],"yoast_head":"<!-- This site is optimized with the Yoast SEO plugin v26.0 - https:\/\/yoast.com\/wordpress\/plugins\/seo\/ -->\n<title>El Ambiente y Entorno - Extracto Memoria Sostenibilidad | Corporaci\u00f3n GPF<\/title>\n<meta name=\"robots\" content=\"index, follow, max-snippet:-1, max-image-preview:large, max-video-preview:-1\" \/>\n<link rel=\"canonical\" href=\"https:\/\/www.corporaciongpf.com\/memoria-sostenibilidad\/memoria-sostenibilidad-2019\/ambiente\/\" \/>\n<meta property=\"og:locale\" content=\"es_ES\" \/>\n<meta property=\"og:type\" content=\"article\" \/>\n<meta property=\"og:title\" content=\"El Ambiente y Entorno - Extracto Memoria Sostenibilidad | Corporaci\u00f3n GPF\" \/>\n<meta property=\"og:description\" content=\"El sistema de gesti\u00f3n ambiental de Corporaci\u00f3n GPF, identifica los riesgos y oportunidades en torno al ambiente. La reducci\u00f3n de riesgos ambientales es el principal aspecto de mitigaci\u00f3n, algunas de las acciones que aportan a este enfoque son:1. Disminuci\u00f3n del impacto de las actividades a trav\u00e9s de la medici\u00f3n de la Huella de Carbono con...\" \/>\n<meta property=\"og:url\" content=\"https:\/\/www.corporaciongpf.com\/memoria-sostenibilidad\/memoria-sostenibilidad-2019\/ambiente\/\" \/>\n<meta property=\"og:site_name\" content=\"Extracto Memoria Sostenibilidad | Corporaci\u00f3n GPF\" \/>\n<meta property=\"article:modified_time\" content=\"2020-11-06T03:28:40+00:00\" \/>\n<meta name=\"twitter:card\" content=\"summary_large_image\" \/>\n<meta name=\"twitter:label1\" content=\"Tiempo de lectura\" \/>\n\t<meta name=\"twitter:data1\" content=\"2 minutos\" \/>\n<script type=\"application\/ld+json\" class=\"yoast-schema-graph\">{\"@context\":\"https:\/\/schema.org\",\"@graph\":[{\"@type\":\"WebPage\",\"@id\":\"https:\/\/www.corporaciongpf.com\/memoria-sostenibilidad\/memoria-sostenibilidad-2019\/ambiente\/\",\"url\":\"https:\/\/www.corporaciongpf.com\/memoria-sostenibilidad\/memoria-sostenibilidad-2019\/ambiente\/\",\"name\":\"El Ambiente y Entorno - Extracto Memoria Sostenibilidad | Corporaci\u00f3n GPF\",\"isPartOf\":{\"@id\":\"https:\/\/www.corporaciongpf.com\/memoria-sostenibilidad\/#website\"},\"datePublished\":\"2020-08-07T05:30:43+00:00\",\"dateModified\":\"2020-11-06T03:28:40+00:00\",\"breadcrumb\":{\"@id\":\"https:\/\/www.corporaciongpf.com\/memoria-sostenibilidad\/memoria-sostenibilidad-2019\/ambiente\/#breadcrumb\"},\"inLanguage\":\"es\",\"potentialAction\":[{\"@type\":\"ReadAction\",\"target\":[\"https:\/\/www.corporaciongpf.com\/memoria-sostenibilidad\/memoria-sostenibilidad-2019\/ambiente\/\"]}]},{\"@type\":\"BreadcrumbList\",\"@id\":\"https:\/\/www.corporaciongpf.com\/memoria-sostenibilidad\/memoria-sostenibilidad-2019\/ambiente\/#breadcrumb\",\"itemListElement\":[{\"@type\":\"ListItem\",\"position\":1,\"name\":\"Portada\",\"item\":\"https:\/\/www.corporaciongpf.com\/memoria-sostenibilidad\/\"},{\"@type\":\"ListItem\",\"position\":2,\"name\":\"Memoria de Sostenibilidad 2019\",\"item\":\"https:\/\/www.corporaciongpf.com\/memoria-sostenibilidad\/memoria-sostenibilidad-2019\/\"},{\"@type\":\"ListItem\",\"position\":3,\"name\":\"El Ambiente y Entorno\"}]},{\"@type\":\"WebSite\",\"@id\":\"https:\/\/www.corporaciongpf.com\/memoria-sostenibilidad\/#website\",\"url\":\"https:\/\/www.corporaciongpf.com\/memoria-sostenibilidad\/\",\"name\":\"Extracto Memoria Sostenibilidad | Corporaci\u00f3n GPF\",\"description\":\"Este es un extracto de la sexta Memoria de Sostenibilidad consecutiva publicada por la compa\u00f1\u00eda\",\"potentialAction\":[{\"@type\":\"SearchAction\",\"target\":{\"@type\":\"EntryPoint\",\"urlTemplate\":\"https:\/\/www.corporaciongpf.com\/memoria-sostenibilidad\/?s={search_term_string}\"},\"query-input\":{\"@type\":\"PropertyValueSpecification\",\"valueRequired\":true,\"valueName\":\"search_term_string\"}}],\"inLanguage\":\"es\"}]}<\/script>\n<!-- \/ Yoast SEO plugin. -->","yoast_head_json":{"title":"El Ambiente y Entorno - Extracto Memoria Sostenibilidad | Corporaci\u00f3n GPF","robots":{"index":"index","follow":"follow","max-snippet":"max-snippet:-1","max-image-preview":"max-image-preview:large","max-video-preview":"max-video-preview:-1"},"canonical":"https:\/\/www.corporaciongpf.com\/memoria-sostenibilidad\/memoria-sostenibilidad-2019\/ambiente\/","og_locale":"es_ES","og_type":"article","og_title":"El Ambiente y Entorno - Extracto Memoria Sostenibilidad | Corporaci\u00f3n GPF","og_description":"El sistema de gesti\u00f3n ambiental de Corporaci\u00f3n GPF, identifica los riesgos y oportunidades en torno al ambiente. La reducci\u00f3n de riesgos ambientales es el principal aspecto de mitigaci\u00f3n, algunas de las acciones que aportan a este enfoque son:1. Disminuci\u00f3n del impacto de las actividades a trav\u00e9s de la medici\u00f3n de la Huella de Carbono con...","og_url":"https:\/\/www.corporaciongpf.com\/memoria-sostenibilidad\/memoria-sostenibilidad-2019\/ambiente\/","og_site_name":"Extracto Memoria Sostenibilidad | Corporaci\u00f3n GPF","article_modified_time":"2020-11-06T03:28:40+00:00","twitter_card":"summary_large_image","twitter_misc":{"Tiempo de lectura":"2 minutos"},"schema":{"@context":"https:\/\/schema.org","@graph":[{"@type":"WebPage","@id":"https:\/\/www.corporaciongpf.com\/memoria-sostenibilidad\/memoria-sostenibilidad-2019\/ambiente\/","url":"https:\/\/www.corporaciongpf.com\/memoria-sostenibilidad\/memoria-sostenibilidad-2019\/ambiente\/","name":"El Ambiente y Entorno - Extracto Memoria Sostenibilidad | Corporaci\u00f3n GPF","isPartOf":{"@id":"https:\/\/www.corporaciongpf.com\/memoria-sostenibilidad\/#website"},"datePublished":"2020-08-07T05:30:43+00:00","dateModified":"2020-11-06T03:28:40+00:00","breadcrumb":{"@id":"https:\/\/www.corporaciongpf.com\/memoria-sostenibilidad\/memoria-sostenibilidad-2019\/ambiente\/#breadcrumb"},"inLanguage":"es","potentialAction":[{"@type":"ReadAction","target":["https:\/\/www.corporaciongpf.com\/memoria-sostenibilidad\/memoria-sostenibilidad-2019\/ambiente\/"]}]},{"@type":"BreadcrumbList","@id":"https:\/\/www.corporaciongpf.com\/memoria-sostenibilidad\/memoria-sostenibilidad-2019\/ambiente\/#breadcrumb","itemListElement":[{"@type":"ListItem","position":1,"name":"Portada","item":"https:\/\/www.corporaciongpf.com\/memoria-sostenibilidad\/"},{"@type":"ListItem","position":2,"name":"Memoria de Sostenibilidad 2019","item":"https:\/\/www.corporaciongpf.com\/memoria-sostenibilidad\/memoria-sostenibilidad-2019\/"},{"@type":"ListItem","position":3,"name":"El Ambiente y Entorno"}]},{"@type":"WebSite","@id":"https:\/\/www.corporaciongpf.com\/memoria-sostenibilidad\/#website","url":"https:\/\/www.corporaciongpf.com\/memoria-sostenibilidad\/","name":"Extracto Memoria Sostenibilidad | Corporaci\u00f3n GPF","description":"Este es un extracto de la sexta Memoria de Sostenibilidad consecutiva publicada por la compa\u00f1\u00eda","potentialAction":[{"@type":"SearchAction","target":{"@type":"EntryPoint","urlTemplate":"https:\/\/www.corporaciongpf.com\/memoria-sostenibilidad\/?s={search_term_string}"},"query-input":{"@type":"PropertyValueSpecification","valueRequired":true,"valueName":"search_term_string"}}],"inLanguage":"es"}]}},"_links":{"self":[{"href":"https:\/\/www.corporaciongpf.com\/memoria-sostenibilidad\/wp-json\/wp\/v2\/pages\/2160","targetHints":{"allow":["GET"]}}],"collection":[{"href":"https:\/\/www.corporaciongpf.com\/memoria-sostenibilidad\/wp-json\/wp\/v2\/pages"}],"about":[{"href":"https:\/\/www.corporaciongpf.com\/memoria-sostenibilidad\/wp-json\/wp\/v2\/types\/page"}],"author":[{"embeddable":true,"href":"https:\/\/www.corporaciongpf.com\/memoria-sostenibilidad\/wp-json\/wp\/v2\/users\/1"}],"replies":[{"embeddable":true,"href":"https:\/\/www.corporaciongpf.com\/memoria-sostenibilidad\/wp-json\/wp\/v2\/comments?post=2160"}],"version-history":[{"count":23,"href":"https:\/\/www.corporaciongpf.com\/memoria-sostenibilidad\/wp-json\/wp\/v2\/pages\/2160\/revisions"}],"predecessor-version":[{"id":2249,"href":"https:\/\/www.corporaciongpf.com\/memoria-sostenibilidad\/wp-json\/wp\/v2\/pages\/2160\/revisions\/2249"}],"up":[{"embeddable":true,"href":"https:\/\/www.corporaciongpf.com\/memoria-sostenibilidad\/wp-json\/wp\/v2\/pages\/2025"}],"wp:attachment":[{"href":"https:\/\/www.corporaciongpf.com\/memoria-sostenibilidad\/wp-json\/wp\/v2\/media?parent=2160"}],"curies":[{"name":"wp","href":"https:\/\/api.w.org\/{rel}","templated":true}]}}