{"id":2422,"date":"2021-08-13T04:34:55","date_gmt":"2021-08-13T04:34:55","guid":{"rendered":"https:\/\/www.corporaciongpf.com\/memoria-sostenibilidad\/?page_id=2422"},"modified":"2021-08-16T17:29:56","modified_gmt":"2021-08-16T17:29:56","slug":"90-anios","status":"publish","type":"page","link":"https:\/\/www.corporaciongpf.com\/memoria-sostenibilidad\/memoria-sostenibilidad-2020\/90-anios\/","title":{"rendered":"90 A\u00f1os"},"content":{"rendered":"<style type=\"text\/css\"><\/style><div id=\"cs-content\" class=\"cs-content\"><\/div>\n","protected":false},"excerpt":{"rendered":"<p>Mirar atr\u00e1s hoy ha sido necesario para compartir con ustedes el orgullo que se siente tras 90 a\u00f1os de entrega y compromiso con el pa\u00eds. Esta historia es la historia de miles de ecuatorianos que han sido parte de esta trayectoria; los clientes, colaboradores, proveedores y todas las organizaciones aliadas que han aportado al desarrollo&#8230;<\/p>\n","protected":false},"author":1,"featured_media":0,"parent":2256,"menu_order":0,"comment_status":"closed","ping_status":"closed","template":"","meta":{"footnotes":""},"class_list":["post-2422","page","type-page","status-publish","hentry"],"yoast_head":"<!-- This site is optimized with the Yoast SEO plugin v26.0 - https:\/\/yoast.com\/wordpress\/plugins\/seo\/ -->\n<title>90 A\u00f1os - Extracto Memoria Sostenibilidad | Corporaci\u00f3n GPF<\/title>\n<meta name=\"robots\" content=\"index, follow, max-snippet:-1, max-image-preview:large, max-video-preview:-1\" \/>\n<link rel=\"canonical\" href=\"https:\/\/www.corporaciongpf.com\/memoria-sostenibilidad\/memoria-sostenibilidad-2020\/90-anios\/\" \/>\n<meta property=\"og:locale\" content=\"es_ES\" \/>\n<meta property=\"og:type\" content=\"article\" \/>\n<meta property=\"og:title\" content=\"90 A\u00f1os - Extracto Memoria Sostenibilidad | Corporaci\u00f3n GPF\" \/>\n<meta property=\"og:description\" content=\"Mirar atr\u00e1s hoy ha sido necesario para compartir con ustedes el orgullo que se siente tras 90 a\u00f1os de entrega y compromiso con el pa\u00eds. Esta historia es la historia de miles de ecuatorianos que han sido parte de esta trayectoria; los clientes, colaboradores, proveedores y todas las organizaciones aliadas que han aportado al desarrollo...\" \/>\n<meta property=\"og:url\" content=\"https:\/\/www.corporaciongpf.com\/memoria-sostenibilidad\/memoria-sostenibilidad-2020\/90-anios\/\" \/>\n<meta property=\"og:site_name\" content=\"Extracto Memoria Sostenibilidad | Corporaci\u00f3n GPF\" \/>\n<meta property=\"article:modified_time\" content=\"2021-08-16T17:29:56+00:00\" \/>\n<meta name=\"twitter:card\" content=\"summary_large_image\" \/>\n<meta name=\"twitter:label1\" content=\"Tiempo de lectura\" \/>\n\t<meta name=\"twitter:data1\" content=\"4 minutos\" \/>\n<script type=\"application\/ld+json\" class=\"yoast-schema-graph\">{\"@context\":\"https:\/\/schema.org\",\"@graph\":[{\"@type\":\"WebPage\",\"@id\":\"https:\/\/www.corporaciongpf.com\/memoria-sostenibilidad\/memoria-sostenibilidad-2020\/90-anios\/\",\"url\":\"https:\/\/www.corporaciongpf.com\/memoria-sostenibilidad\/memoria-sostenibilidad-2020\/90-anios\/\",\"name\":\"90 A\u00f1os - Extracto Memoria Sostenibilidad | Corporaci\u00f3n GPF\",\"isPartOf\":{\"@id\":\"https:\/\/www.corporaciongpf.com\/memoria-sostenibilidad\/#website\"},\"datePublished\":\"2021-08-13T04:34:55+00:00\",\"dateModified\":\"2021-08-16T17:29:56+00:00\",\"breadcrumb\":{\"@id\":\"https:\/\/www.corporaciongpf.com\/memoria-sostenibilidad\/memoria-sostenibilidad-2020\/90-anios\/#breadcrumb\"},\"inLanguage\":\"es\",\"potentialAction\":[{\"@type\":\"ReadAction\",\"target\":[\"https:\/\/www.corporaciongpf.com\/memoria-sostenibilidad\/memoria-sostenibilidad-2020\/90-anios\/\"]}]},{\"@type\":\"BreadcrumbList\",\"@id\":\"https:\/\/www.corporaciongpf.com\/memoria-sostenibilidad\/memoria-sostenibilidad-2020\/90-anios\/#breadcrumb\",\"itemListElement\":[{\"@type\":\"ListItem\",\"position\":1,\"name\":\"Portada\",\"item\":\"https:\/\/www.corporaciongpf.com\/memoria-sostenibilidad\/\"},{\"@type\":\"ListItem\",\"position\":2,\"name\":\"Memoria de Sostenibilidad 2020\",\"item\":\"https:\/\/www.corporaciongpf.com\/memoria-sostenibilidad\/memoria-sostenibilidad-2020\/\"},{\"@type\":\"ListItem\",\"position\":3,\"name\":\"90 A\u00f1os\"}]},{\"@type\":\"WebSite\",\"@id\":\"https:\/\/www.corporaciongpf.com\/memoria-sostenibilidad\/#website\",\"url\":\"https:\/\/www.corporaciongpf.com\/memoria-sostenibilidad\/\",\"name\":\"Extracto Memoria Sostenibilidad | Corporaci\u00f3n GPF\",\"description\":\"Este es un extracto de la sexta Memoria de Sostenibilidad consecutiva publicada por la compa\u00f1\u00eda\",\"potentialAction\":[{\"@type\":\"SearchAction\",\"target\":{\"@type\":\"EntryPoint\",\"urlTemplate\":\"https:\/\/www.corporaciongpf.com\/memoria-sostenibilidad\/?s={search_term_string}\"},\"query-input\":{\"@type\":\"PropertyValueSpecification\",\"valueRequired\":true,\"valueName\":\"search_term_string\"}}],\"inLanguage\":\"es\"}]}<\/script>\n<!-- \/ Yoast SEO plugin. -->","yoast_head_json":{"title":"90 A\u00f1os - Extracto Memoria Sostenibilidad | Corporaci\u00f3n GPF","robots":{"index":"index","follow":"follow","max-snippet":"max-snippet:-1","max-image-preview":"max-image-preview:large","max-video-preview":"max-video-preview:-1"},"canonical":"https:\/\/www.corporaciongpf.com\/memoria-sostenibilidad\/memoria-sostenibilidad-2020\/90-anios\/","og_locale":"es_ES","og_type":"article","og_title":"90 A\u00f1os - Extracto Memoria Sostenibilidad | Corporaci\u00f3n GPF","og_description":"Mirar atr\u00e1s hoy ha sido necesario para compartir con ustedes el orgullo que se siente tras 90 a\u00f1os de entrega y compromiso con el pa\u00eds. Esta historia es la historia de miles de ecuatorianos que han sido parte de esta trayectoria; los clientes, colaboradores, proveedores y todas las organizaciones aliadas que han aportado al desarrollo...","og_url":"https:\/\/www.corporaciongpf.com\/memoria-sostenibilidad\/memoria-sostenibilidad-2020\/90-anios\/","og_site_name":"Extracto Memoria Sostenibilidad | Corporaci\u00f3n GPF","article_modified_time":"2021-08-16T17:29:56+00:00","twitter_card":"summary_large_image","twitter_misc":{"Tiempo de lectura":"4 minutos"},"schema":{"@context":"https:\/\/schema.org","@graph":[{"@type":"WebPage","@id":"https:\/\/www.corporaciongpf.com\/memoria-sostenibilidad\/memoria-sostenibilidad-2020\/90-anios\/","url":"https:\/\/www.corporaciongpf.com\/memoria-sostenibilidad\/memoria-sostenibilidad-2020\/90-anios\/","name":"90 A\u00f1os - Extracto Memoria Sostenibilidad | Corporaci\u00f3n GPF","isPartOf":{"@id":"https:\/\/www.corporaciongpf.com\/memoria-sostenibilidad\/#website"},"datePublished":"2021-08-13T04:34:55+00:00","dateModified":"2021-08-16T17:29:56+00:00","breadcrumb":{"@id":"https:\/\/www.corporaciongpf.com\/memoria-sostenibilidad\/memoria-sostenibilidad-2020\/90-anios\/#breadcrumb"},"inLanguage":"es","potentialAction":[{"@type":"ReadAction","target":["https:\/\/www.corporaciongpf.com\/memoria-sostenibilidad\/memoria-sostenibilidad-2020\/90-anios\/"]}]},{"@type":"BreadcrumbList","@id":"https:\/\/www.corporaciongpf.com\/memoria-sostenibilidad\/memoria-sostenibilidad-2020\/90-anios\/#breadcrumb","itemListElement":[{"@type":"ListItem","position":1,"name":"Portada","item":"https:\/\/www.corporaciongpf.com\/memoria-sostenibilidad\/"},{"@type":"ListItem","position":2,"name":"Memoria de Sostenibilidad 2020","item":"https:\/\/www.corporaciongpf.com\/memoria-sostenibilidad\/memoria-sostenibilidad-2020\/"},{"@type":"ListItem","position":3,"name":"90 A\u00f1os"}]},{"@type":"WebSite","@id":"https:\/\/www.corporaciongpf.com\/memoria-sostenibilidad\/#website","url":"https:\/\/www.corporaciongpf.com\/memoria-sostenibilidad\/","name":"Extracto Memoria Sostenibilidad | Corporaci\u00f3n GPF","description":"Este es un extracto de la sexta Memoria de Sostenibilidad consecutiva publicada por la compa\u00f1\u00eda","potentialAction":[{"@type":"SearchAction","target":{"@type":"EntryPoint","urlTemplate":"https:\/\/www.corporaciongpf.com\/memoria-sostenibilidad\/?s={search_term_string}"},"query-input":{"@type":"PropertyValueSpecification","valueRequired":true,"valueName":"search_term_string"}}],"inLanguage":"es"}]}},"_links":{"self":[{"href":"https:\/\/www.corporaciongpf.com\/memoria-sostenibilidad\/wp-json\/wp\/v2\/pages\/2422","targetHints":{"allow":["GET"]}}],"collection":[{"href":"https:\/\/www.corporaciongpf.com\/memoria-sostenibilidad\/wp-json\/wp\/v2\/pages"}],"about":[{"href":"https:\/\/www.corporaciongpf.com\/memoria-sostenibilidad\/wp-json\/wp\/v2\/types\/page"}],"author":[{"embeddable":true,"href":"https:\/\/www.corporaciongpf.com\/memoria-sostenibilidad\/wp-json\/wp\/v2\/users\/1"}],"replies":[{"embeddable":true,"href":"https:\/\/www.corporaciongpf.com\/memoria-sostenibilidad\/wp-json\/wp\/v2\/comments?post=2422"}],"version-history":[{"count":7,"href":"https:\/\/www.corporaciongpf.com\/memoria-sostenibilidad\/wp-json\/wp\/v2\/pages\/2422\/revisions"}],"predecessor-version":[{"id":2451,"href":"https:\/\/www.corporaciongpf.com\/memoria-sostenibilidad\/wp-json\/wp\/v2\/pages\/2422\/revisions\/2451"}],"up":[{"embeddable":true,"href":"https:\/\/www.corporaciongpf.com\/memoria-sostenibilidad\/wp-json\/wp\/v2\/pages\/2256"}],"wp:attachment":[{"href":"https:\/\/www.corporaciongpf.com\/memoria-sostenibilidad\/wp-json\/wp\/v2\/media?parent=2422"}],"curies":[{"name":"wp","href":"https:\/\/api.w.org\/{rel}","templated":true}]}}