{"id":2589,"date":"2022-05-26T18:04:45","date_gmt":"2022-05-26T18:04:45","guid":{"rendered":"https:\/\/www.corporaciongpf.com\/memoria-sostenibilidad\/?page_id=2589"},"modified":"2022-06-06T22:34:17","modified_gmt":"2022-06-06T22:34:17","slug":"memoria-sostenibilidad-2021","status":"publish","type":"page","link":"https:\/\/www.corporaciongpf.com\/memoria-sostenibilidad\/memoria-sostenibilidad-2021\/","title":{"rendered":"Memoria de Sostenibilidad 2021"},"content":{"rendered":"<style type=\"text\/css\"><\/style><div id=\"cs-content\" class=\"cs-content\"><\/div>\n","protected":false},"excerpt":{"rendered":"<p>Te presentamos un extracto de nuestra d\u00e9cima primera Memoria de Sostenibilidad que tiene como prop\u00f3sito compartir las actividades y gesti\u00f3n que realizamos en el 2021 en el marco de nuestro desempe\u00f1o econ\u00f3mico, social y ambiental. La Sostenibilidad para Corporaci\u00f3n GPF es parte de su cultura y este reporte se ha convertido en un ejercicio de&#8230;<\/p>\n","protected":false},"author":1,"featured_media":0,"parent":0,"menu_order":0,"comment_status":"closed","ping_status":"closed","template":"","meta":{"footnotes":""},"class_list":["post-2589","page","type-page","status-publish","hentry"],"yoast_head":"<!-- This site is optimized with the Yoast SEO plugin v26.0 - https:\/\/yoast.com\/wordpress\/plugins\/seo\/ -->\n<title>Memoria de Sostenibilidad 2021 - Extracto Memoria Sostenibilidad | Corporaci\u00f3n GPF<\/title>\n<meta name=\"robots\" content=\"index, follow, max-snippet:-1, max-image-preview:large, max-video-preview:-1\" \/>\n<link rel=\"canonical\" href=\"https:\/\/www.corporaciongpf.com\/memoria-sostenibilidad\/memoria-sostenibilidad-2021\/\" \/>\n<meta property=\"og:locale\" content=\"es_ES\" \/>\n<meta property=\"og:type\" content=\"article\" \/>\n<meta property=\"og:title\" content=\"Memoria de Sostenibilidad 2021 - Extracto Memoria Sostenibilidad | Corporaci\u00f3n GPF\" \/>\n<meta property=\"og:description\" content=\"Te presentamos un extracto de nuestra d\u00e9cima primera Memoria de Sostenibilidad que tiene como prop\u00f3sito compartir las actividades y gesti\u00f3n que realizamos en el 2021 en el marco de nuestro desempe\u00f1o econ\u00f3mico, social y ambiental. La Sostenibilidad para Corporaci\u00f3n GPF es parte de su cultura y este reporte se ha convertido en un ejercicio de...\" \/>\n<meta property=\"og:url\" content=\"https:\/\/www.corporaciongpf.com\/memoria-sostenibilidad\/memoria-sostenibilidad-2021\/\" \/>\n<meta property=\"og:site_name\" content=\"Extracto Memoria Sostenibilidad | Corporaci\u00f3n GPF\" \/>\n<meta property=\"article:modified_time\" content=\"2022-06-06T22:34:17+00:00\" \/>\n<meta name=\"twitter:card\" content=\"summary_large_image\" \/>\n<meta name=\"twitter:label1\" content=\"Tiempo de lectura\" \/>\n\t<meta name=\"twitter:data1\" content=\"9 minutos\" \/>\n<script type=\"application\/ld+json\" class=\"yoast-schema-graph\">{\"@context\":\"https:\/\/schema.org\",\"@graph\":[{\"@type\":\"WebPage\",\"@id\":\"https:\/\/www.corporaciongpf.com\/memoria-sostenibilidad\/memoria-sostenibilidad-2021\/\",\"url\":\"https:\/\/www.corporaciongpf.com\/memoria-sostenibilidad\/memoria-sostenibilidad-2021\/\",\"name\":\"Memoria de Sostenibilidad 2021 - Extracto Memoria Sostenibilidad | Corporaci\u00f3n GPF\",\"isPartOf\":{\"@id\":\"https:\/\/www.corporaciongpf.com\/memoria-sostenibilidad\/#website\"},\"datePublished\":\"2022-05-26T18:04:45+00:00\",\"dateModified\":\"2022-06-06T22:34:17+00:00\",\"breadcrumb\":{\"@id\":\"https:\/\/www.corporaciongpf.com\/memoria-sostenibilidad\/memoria-sostenibilidad-2021\/#breadcrumb\"},\"inLanguage\":\"es\",\"potentialAction\":[{\"@type\":\"ReadAction\",\"target\":[\"https:\/\/www.corporaciongpf.com\/memoria-sostenibilidad\/memoria-sostenibilidad-2021\/\"]}]},{\"@type\":\"BreadcrumbList\",\"@id\":\"https:\/\/www.corporaciongpf.com\/memoria-sostenibilidad\/memoria-sostenibilidad-2021\/#breadcrumb\",\"itemListElement\":[{\"@type\":\"ListItem\",\"position\":1,\"name\":\"Portada\",\"item\":\"https:\/\/www.corporaciongpf.com\/memoria-sostenibilidad\/\"},{\"@type\":\"ListItem\",\"position\":2,\"name\":\"Memoria de Sostenibilidad 2021\"}]},{\"@type\":\"WebSite\",\"@id\":\"https:\/\/www.corporaciongpf.com\/memoria-sostenibilidad\/#website\",\"url\":\"https:\/\/www.corporaciongpf.com\/memoria-sostenibilidad\/\",\"name\":\"Extracto Memoria Sostenibilidad | Corporaci\u00f3n GPF\",\"description\":\"Este es un extracto de la sexta Memoria de Sostenibilidad consecutiva publicada por la compa\u00f1\u00eda\",\"potentialAction\":[{\"@type\":\"SearchAction\",\"target\":{\"@type\":\"EntryPoint\",\"urlTemplate\":\"https:\/\/www.corporaciongpf.com\/memoria-sostenibilidad\/?s={search_term_string}\"},\"query-input\":{\"@type\":\"PropertyValueSpecification\",\"valueRequired\":true,\"valueName\":\"search_term_string\"}}],\"inLanguage\":\"es\"}]}<\/script>\n<!-- \/ Yoast SEO plugin. -->","yoast_head_json":{"title":"Memoria de Sostenibilidad 2021 - Extracto Memoria Sostenibilidad | Corporaci\u00f3n GPF","robots":{"index":"index","follow":"follow","max-snippet":"max-snippet:-1","max-image-preview":"max-image-preview:large","max-video-preview":"max-video-preview:-1"},"canonical":"https:\/\/www.corporaciongpf.com\/memoria-sostenibilidad\/memoria-sostenibilidad-2021\/","og_locale":"es_ES","og_type":"article","og_title":"Memoria de Sostenibilidad 2021 - Extracto Memoria Sostenibilidad | Corporaci\u00f3n GPF","og_description":"Te presentamos un extracto de nuestra d\u00e9cima primera Memoria de Sostenibilidad que tiene como prop\u00f3sito compartir las actividades y gesti\u00f3n que realizamos en el 2021 en el marco de nuestro desempe\u00f1o econ\u00f3mico, social y ambiental. La Sostenibilidad para Corporaci\u00f3n GPF es parte de su cultura y este reporte se ha convertido en un ejercicio de...","og_url":"https:\/\/www.corporaciongpf.com\/memoria-sostenibilidad\/memoria-sostenibilidad-2021\/","og_site_name":"Extracto Memoria Sostenibilidad | Corporaci\u00f3n GPF","article_modified_time":"2022-06-06T22:34:17+00:00","twitter_card":"summary_large_image","twitter_misc":{"Tiempo de lectura":"9 minutos"},"schema":{"@context":"https:\/\/schema.org","@graph":[{"@type":"WebPage","@id":"https:\/\/www.corporaciongpf.com\/memoria-sostenibilidad\/memoria-sostenibilidad-2021\/","url":"https:\/\/www.corporaciongpf.com\/memoria-sostenibilidad\/memoria-sostenibilidad-2021\/","name":"Memoria de Sostenibilidad 2021 - Extracto Memoria Sostenibilidad | Corporaci\u00f3n GPF","isPartOf":{"@id":"https:\/\/www.corporaciongpf.com\/memoria-sostenibilidad\/#website"},"datePublished":"2022-05-26T18:04:45+00:00","dateModified":"2022-06-06T22:34:17+00:00","breadcrumb":{"@id":"https:\/\/www.corporaciongpf.com\/memoria-sostenibilidad\/memoria-sostenibilidad-2021\/#breadcrumb"},"inLanguage":"es","potentialAction":[{"@type":"ReadAction","target":["https:\/\/www.corporaciongpf.com\/memoria-sostenibilidad\/memoria-sostenibilidad-2021\/"]}]},{"@type":"BreadcrumbList","@id":"https:\/\/www.corporaciongpf.com\/memoria-sostenibilidad\/memoria-sostenibilidad-2021\/#breadcrumb","itemListElement":[{"@type":"ListItem","position":1,"name":"Portada","item":"https:\/\/www.corporaciongpf.com\/memoria-sostenibilidad\/"},{"@type":"ListItem","position":2,"name":"Memoria de Sostenibilidad 2021"}]},{"@type":"WebSite","@id":"https:\/\/www.corporaciongpf.com\/memoria-sostenibilidad\/#website","url":"https:\/\/www.corporaciongpf.com\/memoria-sostenibilidad\/","name":"Extracto Memoria Sostenibilidad | Corporaci\u00f3n GPF","description":"Este es un extracto de la sexta Memoria de Sostenibilidad consecutiva publicada por la compa\u00f1\u00eda","potentialAction":[{"@type":"SearchAction","target":{"@type":"EntryPoint","urlTemplate":"https:\/\/www.corporaciongpf.com\/memoria-sostenibilidad\/?s={search_term_string}"},"query-input":{"@type":"PropertyValueSpecification","valueRequired":true,"valueName":"search_term_string"}}],"inLanguage":"es"}]}},"_links":{"self":[{"href":"https:\/\/www.corporaciongpf.com\/memoria-sostenibilidad\/wp-json\/wp\/v2\/pages\/2589","targetHints":{"allow":["GET"]}}],"collection":[{"href":"https:\/\/www.corporaciongpf.com\/memoria-sostenibilidad\/wp-json\/wp\/v2\/pages"}],"about":[{"href":"https:\/\/www.corporaciongpf.com\/memoria-sostenibilidad\/wp-json\/wp\/v2\/types\/page"}],"author":[{"embeddable":true,"href":"https:\/\/www.corporaciongpf.com\/memoria-sostenibilidad\/wp-json\/wp\/v2\/users\/1"}],"replies":[{"embeddable":true,"href":"https:\/\/www.corporaciongpf.com\/memoria-sostenibilidad\/wp-json\/wp\/v2\/comments?post=2589"}],"version-history":[{"count":44,"href":"https:\/\/www.corporaciongpf.com\/memoria-sostenibilidad\/wp-json\/wp\/v2\/pages\/2589\/revisions"}],"predecessor-version":[{"id":2784,"href":"https:\/\/www.corporaciongpf.com\/memoria-sostenibilidad\/wp-json\/wp\/v2\/pages\/2589\/revisions\/2784"}],"wp:attachment":[{"href":"https:\/\/www.corporaciongpf.com\/memoria-sostenibilidad\/wp-json\/wp\/v2\/media?parent=2589"}],"curies":[{"name":"wp","href":"https:\/\/api.w.org\/{rel}","templated":true}]}}