{"id":2874,"date":"2024-06-27T14:17:17","date_gmt":"2024-06-27T14:17:17","guid":{"rendered":"https:\/\/www.corporaciongpf.com\/memoria-sostenibilidad\/?page_id=2874"},"modified":"2024-07-01T15:26:29","modified_gmt":"2024-07-01T15:26:29","slug":"memoria-sostenibilidad-2023","status":"publish","type":"page","link":"https:\/\/www.corporaciongpf.com\/memoria-sostenibilidad\/memoria-sostenibilidad-2023\/","title":{"rendered":"Memoria de Sostenibilidad 2023"},"content":{"rendered":"<style type=\"text\/css\"><\/style><div id=\"cs-content\" class=\"cs-content\"><\/div>\n","protected":false},"excerpt":{"rendered":"<p>A trav&eacute;s de este extracto, FEMSA Salud Ecuador expone los elementos de mayor relevancia de la Memoria de Sostenibilidad en su d&eacute;cimo tercera edici&oacute;n, acerca de su gesti&oacute;n y desempe&ntilde;o en materia econ&oacute;mica, social y ambiental. La Memoria de Sostenibilidad 2023 ha sido elaborada de conformidad con la opci&oacute;n Esencial de los Est&aacute;ndares del Global&#8230;<\/p>\n","protected":false},"author":1,"featured_media":0,"parent":0,"menu_order":0,"comment_status":"closed","ping_status":"closed","template":"","meta":{"footnotes":""},"class_list":["post-2874","page","type-page","status-publish","hentry"],"yoast_head":"<!-- This site is optimized with the Yoast SEO plugin v26.0 - https:\/\/yoast.com\/wordpress\/plugins\/seo\/ -->\n<title>Memoria de Sostenibilidad 2023 - Extracto Memoria Sostenibilidad | Corporaci\u00f3n GPF<\/title>\n<meta name=\"robots\" content=\"index, follow, max-snippet:-1, max-image-preview:large, max-video-preview:-1\" \/>\n<link rel=\"canonical\" href=\"https:\/\/www.corporaciongpf.com\/memoria-sostenibilidad\/memoria-sostenibilidad-2023\/\" \/>\n<meta property=\"og:locale\" content=\"es_ES\" \/>\n<meta property=\"og:type\" content=\"article\" \/>\n<meta property=\"og:title\" content=\"Memoria de Sostenibilidad 2023 - Extracto Memoria Sostenibilidad | Corporaci\u00f3n GPF\" \/>\n<meta property=\"og:description\" content=\"A trav&eacute;s de este extracto, FEMSA Salud Ecuador expone los elementos de mayor relevancia de la Memoria de Sostenibilidad en su d&eacute;cimo tercera edici&oacute;n, acerca de su gesti&oacute;n y desempe&ntilde;o en materia econ&oacute;mica, social y ambiental. La Memoria de Sostenibilidad 2023 ha sido elaborada de conformidad con la opci&oacute;n Esencial de los Est&aacute;ndares del Global...\" \/>\n<meta property=\"og:url\" content=\"https:\/\/www.corporaciongpf.com\/memoria-sostenibilidad\/memoria-sostenibilidad-2023\/\" \/>\n<meta property=\"og:site_name\" content=\"Extracto Memoria Sostenibilidad | Corporaci\u00f3n GPF\" \/>\n<meta property=\"article:modified_time\" content=\"2024-07-01T15:26:29+00:00\" \/>\n<meta name=\"twitter:card\" content=\"summary_large_image\" \/>\n<meta name=\"twitter:label1\" content=\"Tiempo de lectura\" \/>\n\t<meta name=\"twitter:data1\" content=\"6 minutos\" \/>\n<script type=\"application\/ld+json\" class=\"yoast-schema-graph\">{\"@context\":\"https:\/\/schema.org\",\"@graph\":[{\"@type\":\"WebPage\",\"@id\":\"https:\/\/www.corporaciongpf.com\/memoria-sostenibilidad\/memoria-sostenibilidad-2023\/\",\"url\":\"https:\/\/www.corporaciongpf.com\/memoria-sostenibilidad\/memoria-sostenibilidad-2023\/\",\"name\":\"Memoria de Sostenibilidad 2023 - Extracto Memoria Sostenibilidad | Corporaci\u00f3n GPF\",\"isPartOf\":{\"@id\":\"https:\/\/www.corporaciongpf.com\/memoria-sostenibilidad\/#website\"},\"datePublished\":\"2024-06-27T14:17:17+00:00\",\"dateModified\":\"2024-07-01T15:26:29+00:00\",\"breadcrumb\":{\"@id\":\"https:\/\/www.corporaciongpf.com\/memoria-sostenibilidad\/memoria-sostenibilidad-2023\/#breadcrumb\"},\"inLanguage\":\"es\",\"potentialAction\":[{\"@type\":\"ReadAction\",\"target\":[\"https:\/\/www.corporaciongpf.com\/memoria-sostenibilidad\/memoria-sostenibilidad-2023\/\"]}]},{\"@type\":\"BreadcrumbList\",\"@id\":\"https:\/\/www.corporaciongpf.com\/memoria-sostenibilidad\/memoria-sostenibilidad-2023\/#breadcrumb\",\"itemListElement\":[{\"@type\":\"ListItem\",\"position\":1,\"name\":\"Portada\",\"item\":\"https:\/\/www.corporaciongpf.com\/memoria-sostenibilidad\/\"},{\"@type\":\"ListItem\",\"position\":2,\"name\":\"Memoria de Sostenibilidad 2023\"}]},{\"@type\":\"WebSite\",\"@id\":\"https:\/\/www.corporaciongpf.com\/memoria-sostenibilidad\/#website\",\"url\":\"https:\/\/www.corporaciongpf.com\/memoria-sostenibilidad\/\",\"name\":\"Extracto Memoria Sostenibilidad | Corporaci\u00f3n GPF\",\"description\":\"Este es un extracto de la sexta Memoria de Sostenibilidad consecutiva publicada por la compa\u00f1\u00eda\",\"potentialAction\":[{\"@type\":\"SearchAction\",\"target\":{\"@type\":\"EntryPoint\",\"urlTemplate\":\"https:\/\/www.corporaciongpf.com\/memoria-sostenibilidad\/?s={search_term_string}\"},\"query-input\":{\"@type\":\"PropertyValueSpecification\",\"valueRequired\":true,\"valueName\":\"search_term_string\"}}],\"inLanguage\":\"es\"}]}<\/script>\n<!-- \/ Yoast SEO plugin. -->","yoast_head_json":{"title":"Memoria de Sostenibilidad 2023 - Extracto Memoria Sostenibilidad | Corporaci\u00f3n GPF","robots":{"index":"index","follow":"follow","max-snippet":"max-snippet:-1","max-image-preview":"max-image-preview:large","max-video-preview":"max-video-preview:-1"},"canonical":"https:\/\/www.corporaciongpf.com\/memoria-sostenibilidad\/memoria-sostenibilidad-2023\/","og_locale":"es_ES","og_type":"article","og_title":"Memoria de Sostenibilidad 2023 - Extracto Memoria Sostenibilidad | Corporaci\u00f3n GPF","og_description":"A trav&eacute;s de este extracto, FEMSA Salud Ecuador expone los elementos de mayor relevancia de la Memoria de Sostenibilidad en su d&eacute;cimo tercera edici&oacute;n, acerca de su gesti&oacute;n y desempe&ntilde;o en materia econ&oacute;mica, social y ambiental. La Memoria de Sostenibilidad 2023 ha sido elaborada de conformidad con la opci&oacute;n Esencial de los Est&aacute;ndares del Global...","og_url":"https:\/\/www.corporaciongpf.com\/memoria-sostenibilidad\/memoria-sostenibilidad-2023\/","og_site_name":"Extracto Memoria Sostenibilidad | Corporaci\u00f3n GPF","article_modified_time":"2024-07-01T15:26:29+00:00","twitter_card":"summary_large_image","twitter_misc":{"Tiempo de lectura":"6 minutos"},"schema":{"@context":"https:\/\/schema.org","@graph":[{"@type":"WebPage","@id":"https:\/\/www.corporaciongpf.com\/memoria-sostenibilidad\/memoria-sostenibilidad-2023\/","url":"https:\/\/www.corporaciongpf.com\/memoria-sostenibilidad\/memoria-sostenibilidad-2023\/","name":"Memoria de Sostenibilidad 2023 - Extracto Memoria Sostenibilidad | Corporaci\u00f3n GPF","isPartOf":{"@id":"https:\/\/www.corporaciongpf.com\/memoria-sostenibilidad\/#website"},"datePublished":"2024-06-27T14:17:17+00:00","dateModified":"2024-07-01T15:26:29+00:00","breadcrumb":{"@id":"https:\/\/www.corporaciongpf.com\/memoria-sostenibilidad\/memoria-sostenibilidad-2023\/#breadcrumb"},"inLanguage":"es","potentialAction":[{"@type":"ReadAction","target":["https:\/\/www.corporaciongpf.com\/memoria-sostenibilidad\/memoria-sostenibilidad-2023\/"]}]},{"@type":"BreadcrumbList","@id":"https:\/\/www.corporaciongpf.com\/memoria-sostenibilidad\/memoria-sostenibilidad-2023\/#breadcrumb","itemListElement":[{"@type":"ListItem","position":1,"name":"Portada","item":"https:\/\/www.corporaciongpf.com\/memoria-sostenibilidad\/"},{"@type":"ListItem","position":2,"name":"Memoria de Sostenibilidad 2023"}]},{"@type":"WebSite","@id":"https:\/\/www.corporaciongpf.com\/memoria-sostenibilidad\/#website","url":"https:\/\/www.corporaciongpf.com\/memoria-sostenibilidad\/","name":"Extracto Memoria Sostenibilidad | Corporaci\u00f3n GPF","description":"Este es un extracto de la sexta Memoria de Sostenibilidad consecutiva publicada por la compa\u00f1\u00eda","potentialAction":[{"@type":"SearchAction","target":{"@type":"EntryPoint","urlTemplate":"https:\/\/www.corporaciongpf.com\/memoria-sostenibilidad\/?s={search_term_string}"},"query-input":{"@type":"PropertyValueSpecification","valueRequired":true,"valueName":"search_term_string"}}],"inLanguage":"es"}]}},"_links":{"self":[{"href":"https:\/\/www.corporaciongpf.com\/memoria-sostenibilidad\/wp-json\/wp\/v2\/pages\/2874","targetHints":{"allow":["GET"]}}],"collection":[{"href":"https:\/\/www.corporaciongpf.com\/memoria-sostenibilidad\/wp-json\/wp\/v2\/pages"}],"about":[{"href":"https:\/\/www.corporaciongpf.com\/memoria-sostenibilidad\/wp-json\/wp\/v2\/types\/page"}],"author":[{"embeddable":true,"href":"https:\/\/www.corporaciongpf.com\/memoria-sostenibilidad\/wp-json\/wp\/v2\/users\/1"}],"replies":[{"embeddable":true,"href":"https:\/\/www.corporaciongpf.com\/memoria-sostenibilidad\/wp-json\/wp\/v2\/comments?post=2874"}],"version-history":[{"count":16,"href":"https:\/\/www.corporaciongpf.com\/memoria-sostenibilidad\/wp-json\/wp\/v2\/pages\/2874\/revisions"}],"predecessor-version":[{"id":2967,"href":"https:\/\/www.corporaciongpf.com\/memoria-sostenibilidad\/wp-json\/wp\/v2\/pages\/2874\/revisions\/2967"}],"wp:attachment":[{"href":"https:\/\/www.corporaciongpf.com\/memoria-sostenibilidad\/wp-json\/wp\/v2\/media?parent=2874"}],"curies":[{"name":"wp","href":"https:\/\/api.w.org\/{rel}","templated":true}]}}