{"id":394,"date":"2016-12-23T17:18:57","date_gmt":"2016-12-23T17:18:57","guid":{"rendered":"https:\/\/www.corporaciongpf.com\/memoria-sostenibilidad\/?page_id=394"},"modified":"2017-11-08T15:32:14","modified_gmt":"2017-11-08T15:32:14","slug":"modelo-de-gestion","status":"publish","type":"page","link":"https:\/\/www.corporaciongpf.com\/memoria-sostenibilidad\/modelo-de-gestion\/","title":{"rendered":"MODELO DE GESTI\u00d3N"},"content":{"rendered":"<style type=\"text\/css\"> \n#cmsmasters_row_69d22dcf21983 .cmsmasters_row_outer_parent { \n\tpadding-top: 0px; \n} \n\n#cmsmasters_row_69d22dcf21983 .cmsmasters_row_outer_parent { \n\tpadding-bottom: 50px; \n} \n\n \n#cmsmasters_row_69d22dcf21a72 .cmsmasters_row_outer_parent { \n\tpadding-top: 0px; \n} \n\n#cmsmasters_row_69d22dcf21a72 .cmsmasters_row_outer_parent { \n\tpadding-bottom: 50px; \n} \n\n \n#cmsmasters_row_69d22dcf21f27 { \n\tbackground-color:#67b8b7;\n} \n\n#cmsmasters_row_69d22dcf21f27 .cmsmasters_row_outer_parent { \n\tpadding-top: 0px; \n} \n\n#cmsmasters_row_69d22dcf21f27 .cmsmasters_row_outer_parent { \n\tpadding-bottom: 50px; \n} \n\n \n#cmsmasters_divider_69d22dcf21fe3 { \n\tborder-bottom-width:1px; \n\tborder-bottom-style:solid; \n\tpadding-top:50px; \n\tmargin-bottom:50px; \n} \n<\/style><div id=\"cmsmasters_row_69d22dcf21983\" class=\"cmsmasters_row cmsmasters_color_scheme_default cmsmasters_row_top_default cmsmasters_row_bot_default cmsmasters_row_boxed\">\n<div class=\"cmsmasters_row_outer_parent\">\n<div class=\"cmsmasters_row_outer\">\n<div class=\"cmsmasters_row_inner\">\n<div class=\"cmsmasters_row_margin\">\n<div class=\"cmsmasters_column one_first\">\n<div class=\"cmsmasters_slider\">[rev_slider alias=\"modelo-de-gestion\"]<\/div>\n<\/div>\n<\/div>\n<\/div>\n<\/div>\n<\/div>\n<\/div>\n<div id=\"cmsmasters_row_69d22dcf21a72\" class=\"cmsmasters_row cmsmasters_color_scheme_default cmsmasters_row_top_default cmsmasters_row_bot_default cmsmasters_row_boxed\">\n<div class=\"cmsmasters_row_outer_parent\">\n<div class=\"cmsmasters_row_outer\">\n<div class=\"cmsmasters_row_inner\">\n<div class=\"cmsmasters_row_margin\">\n<div class=\"cmsmasters_column one_half\">\n<div class=\"cmsmasters_text\">\n<h3>MODELO DE GESTI\u00d3N<\/h3>\n<p style=\"text-align: justific;\">La eficiencia es uno de los valores que Corporaci\u00f3n GPF busca continuamente y eso se refleja en la relaci\u00f3n con los diferentes actores de la cadena de valor.<\/p>\n<\/div>\n<\/div>\n<div class=\"cmsmasters_column one_half\">\n<div class=\"aligncenter\">\n<div class=\"cmsmasters_img  cmsmasters_image_c\">\n<img decoding=\"async\" src=\"https:\/\/www.corporaciongpf.com\/memoria-sostenibilidad\/wp-content\/uploads\/2017\/09\/3-modelo-gestion-corporacion-gpf.jpg\" alt=\"\" \/>\n<\/div>\n<\/div>\n<\/div>\n<\/div>\n<\/div>\n<\/div>\n<\/div>\n<\/div>\n<div id=\"cmsmasters_row_69d22dcf21f27\" class=\"cmsmasters_row cmsmasters_color_scheme_default cmsmasters_row_top_default cmsmasters_row_bot_default cmsmasters_row_boxed\">\n<div class=\"cmsmasters_row_outer_parent\">\n<div class=\"cmsmasters_row_outer\">\n<div class=\"cmsmasters_row_inner\">\n<div class=\"cmsmasters_row_margin\">\n<div class=\"cmsmasters_column one_first\">\n\n<div id=\"cmsmasters_divider_69d22dcf21fe3\" class=\"cmsmasters_divider cmsmasters_divider_width_long cmsmasters_divider_pos_center\"><\/div><div class=\"custom_html\">\n<p><a href=\"https:\/\/www.corporaciongpf.com\/memoria-sostenibilidad\/2016\/modelo-de-negocios\/\"><img decoding=\"async\" src=\"https:\/\/www.corporaciongpf.com\/memoria-sostenibilidad\/2016\/wp-content\/uploads\/2017\/09\/modelo-de-negocio-corporacion-gpf.jpg\" alt=\"\" width=\"185\" border=\"0\"\/><\/a><a href=\"https:\/\/www.corporaciongpf.com\/memoria-sostenibilidad\/2016\/filosofia-corporativa\/\">  <img decoding=\"async\" src=\"https:\/\/www.corporaciongpf.com\/memoria-sostenibilidad\/2016\/wp-content\/uploads\/2017\/09\/filosofia-corporativa-corporacion-gpf.jpg\" alt=\"\" width=\"185\" border=\"0\"\/>  <\/a><a href=\"https:\/\/www.corporaciongpf.com\/memoria-sostenibilidad\/2016\/modelo-de-gestion\/\"><img decoding=\"async\" src=\"https:\/\/www.corporaciongpf.com\/memoria-sostenibilidad\/2016\/wp-content\/uploads\/2017\/09\/modelo-gestion-corporacion-gpf.jpg\" alt=\"\" width=\"185\" border=\"0\"\/>  <\/a><a href=\"https:\/\/www.corporaciongpf.com\/memoria-sostenibilidad\/2016\/gpf-en-cifras\/\"><img decoding=\"async\" src=\"https:\/\/www.corporaciongpf.com\/memoria-sostenibilidad\/2016\/wp-content\/uploads\/2017\/09\/cifras-gpf.jpg\" alt=\"\" width=\"185\" border=\"0\"\/><\/a>  <a href=\"https:\/\/www.corporaciongpf.com\/memoria-sostenibilidad\/2016\/innovacion\/\"><img decoding=\"async\" src=\"https:\/\/www.corporaciongpf.com\/memoria-sostenibilidad\/2016\/wp-content\/uploads\/2017\/09\/innovacion-gpf.jpg\" alt=\"\" width=\"185\" border=\"0\"\/><\/a><\/p>\n<p><a href=\"https:\/\/www.corporaciongpf.com\/memoria-sostenibilidad\/2016\/centro-de-logistica\/\"><img decoding=\"async\" src=\"https:\/\/www.corporaciongpf.com\/memoria-sostenibilidad\/2016\/wp-content\/uploads\/2017\/09\/centro-logistica-corporativa-corporacion-gpf.jpg\" alt=\"\" width=\"185\" border=\"0\"\/><\/a>   <a href=\"https:\/\/www.corporaciongpf.com\/memoria-sostenibilidad\/2016\/practicas-laborables-responsables\/\"><img decoding=\"async\" src=\"https:\/\/www.corporaciongpf.com\/memoria-sostenibilidad\/2016\/wp-content\/uploads\/2017\/09\/practicas-laborales-responsables-corporacion-gpf.jpg\" alt=\"\" width=\"185\" border=\"0\"\/>  <\/a><a href=\"https:\/\/www.corporaciongpf.com\/memoria-sostenibilidad\/2016\/diversidad-e-igualdad-oportunidades\/\"><img decoding=\"async\" src=\"https:\/\/www.corporaciongpf.com\/memoria-sostenibilidad\/2016\/wp-content\/uploads\/2017\/09\/oportunidades-corporacion-gpf.jpg\" alt=\"\" width=\"185\" border=\"0\"\/>  <\/a><a href=\"https:\/\/www.corporaciongpf.com\/memoria-sostenibilidad\/2016\/participacion-la-comunidad\/\"><img decoding=\"async\" src=\"https:\/\/www.corporaciongpf.com\/memoria-sostenibilidad\/2016\/wp-content\/uploads\/2017\/09\/comunidad-corporacion-gpf.jpg\" alt=\"\" width=\"185\" border=\"0\"\/>  <\/a><a href=\"https:\/\/www.corporaciongpf.com\/memoria-sostenibilidad\/2016\/gpf-en-cifras\/\"><\/a><a href=\"https:\/\/www.corporaciongpf.com\/memoria-sostenibilidad\/2016\/gestion-ambiental-sostenible\/\"><img decoding=\"async\" src=\"https:\/\/www.corporaciongpf.com\/memoria-sostenibilidad\/2016\/wp-content\/uploads\/2017\/09\/gestion-ambiental-sostenible-corporacion-gpf.jpg\" alt=\"\" width=\"185\" border=\"0\"\/><\/a><\/p>\n<\/div>\n<\/div>\n<\/div>\n<\/div>\n<\/div>\n<\/div>\n<\/div>\n\n","protected":false},"excerpt":{"rendered":"","protected":false},"author":1,"featured_media":0,"parent":0,"menu_order":0,"comment_status":"closed","ping_status":"closed","template":"","meta":{"footnotes":""},"class_list":["post-394","page","type-page","status-publish","hentry"],"yoast_head":"<!-- This site is optimized with the Yoast SEO plugin v26.0 - https:\/\/yoast.com\/wordpress\/plugins\/seo\/ -->\n<title>MODELO DE GESTI\u00d3N - Extracto Memoria Sostenibilidad | Corporaci\u00f3n GPF<\/title>\n<meta name=\"description\" content=\"M\u00e1s de 5.000 Socios Estrat\u00e9gicos de medicinas, consumo, bazar, alimentos y bebidas, bienes y servicios contribuyen al \u00e9xito de GPF.\" \/>\n<meta name=\"robots\" content=\"index, follow, max-snippet:-1, max-image-preview:large, max-video-preview:-1\" \/>\n<link rel=\"canonical\" href=\"https:\/\/www.corporaciongpf.com\/memoria-sostenibilidad\/modelo-de-gestion\/\" \/>\n<meta property=\"og:locale\" content=\"es_ES\" \/>\n<meta property=\"og:type\" content=\"article\" \/>\n<meta property=\"og:title\" content=\"MODELO DE GESTI\u00d3N - Extracto Memoria Sostenibilidad | Corporaci\u00f3n GPF\" \/>\n<meta property=\"og:description\" content=\"M\u00e1s de 5.000 Socios Estrat\u00e9gicos de medicinas, consumo, bazar, alimentos y bebidas, bienes y servicios contribuyen al \u00e9xito de GPF.\" \/>\n<meta property=\"og:url\" content=\"https:\/\/www.corporaciongpf.com\/memoria-sostenibilidad\/modelo-de-gestion\/\" \/>\n<meta property=\"og:site_name\" content=\"Extracto Memoria Sostenibilidad | Corporaci\u00f3n GPF\" \/>\n<meta property=\"article:modified_time\" content=\"2017-11-08T15:32:14+00:00\" \/>\n<meta name=\"twitter:card\" content=\"summary_large_image\" \/>\n<meta name=\"twitter:label1\" content=\"Tiempo de lectura\" \/>\n\t<meta name=\"twitter:data1\" content=\"4 minutos\" \/>\n<script type=\"application\/ld+json\" class=\"yoast-schema-graph\">{\"@context\":\"https:\/\/schema.org\",\"@graph\":[{\"@type\":\"WebPage\",\"@id\":\"https:\/\/www.corporaciongpf.com\/memoria-sostenibilidad\/modelo-de-gestion\/\",\"url\":\"https:\/\/www.corporaciongpf.com\/memoria-sostenibilidad\/modelo-de-gestion\/\",\"name\":\"MODELO DE GESTI\u00d3N - Extracto Memoria Sostenibilidad | Corporaci\u00f3n GPF\",\"isPartOf\":{\"@id\":\"https:\/\/www.corporaciongpf.com\/memoria-sostenibilidad\/#website\"},\"datePublished\":\"2016-12-23T17:18:57+00:00\",\"dateModified\":\"2017-11-08T15:32:14+00:00\",\"description\":\"M\u00e1s de 5.000 Socios Estrat\u00e9gicos de medicinas, consumo, bazar, alimentos y bebidas, bienes y servicios contribuyen al \u00e9xito de GPF.\",\"breadcrumb\":{\"@id\":\"https:\/\/www.corporaciongpf.com\/memoria-sostenibilidad\/modelo-de-gestion\/#breadcrumb\"},\"inLanguage\":\"es\",\"potentialAction\":[{\"@type\":\"ReadAction\",\"target\":[\"https:\/\/www.corporaciongpf.com\/memoria-sostenibilidad\/modelo-de-gestion\/\"]}]},{\"@type\":\"BreadcrumbList\",\"@id\":\"https:\/\/www.corporaciongpf.com\/memoria-sostenibilidad\/modelo-de-gestion\/#breadcrumb\",\"itemListElement\":[{\"@type\":\"ListItem\",\"position\":1,\"name\":\"Portada\",\"item\":\"https:\/\/www.corporaciongpf.com\/memoria-sostenibilidad\/\"},{\"@type\":\"ListItem\",\"position\":2,\"name\":\"MODELO DE GESTI\u00d3N\"}]},{\"@type\":\"WebSite\",\"@id\":\"https:\/\/www.corporaciongpf.com\/memoria-sostenibilidad\/#website\",\"url\":\"https:\/\/www.corporaciongpf.com\/memoria-sostenibilidad\/\",\"name\":\"Extracto Memoria Sostenibilidad | Corporaci\u00f3n GPF\",\"description\":\"Este es un extracto de la sexta Memoria de Sostenibilidad consecutiva publicada por la compa\u00f1\u00eda\",\"potentialAction\":[{\"@type\":\"SearchAction\",\"target\":{\"@type\":\"EntryPoint\",\"urlTemplate\":\"https:\/\/www.corporaciongpf.com\/memoria-sostenibilidad\/?s={search_term_string}\"},\"query-input\":{\"@type\":\"PropertyValueSpecification\",\"valueRequired\":true,\"valueName\":\"search_term_string\"}}],\"inLanguage\":\"es\"}]}<\/script>\n<!-- \/ Yoast SEO plugin. -->","yoast_head_json":{"title":"MODELO DE GESTI\u00d3N - Extracto Memoria Sostenibilidad | Corporaci\u00f3n GPF","description":"M\u00e1s de 5.000 Socios Estrat\u00e9gicos de medicinas, consumo, bazar, alimentos y bebidas, bienes y servicios contribuyen al \u00e9xito de GPF.","robots":{"index":"index","follow":"follow","max-snippet":"max-snippet:-1","max-image-preview":"max-image-preview:large","max-video-preview":"max-video-preview:-1"},"canonical":"https:\/\/www.corporaciongpf.com\/memoria-sostenibilidad\/modelo-de-gestion\/","og_locale":"es_ES","og_type":"article","og_title":"MODELO DE GESTI\u00d3N - Extracto Memoria Sostenibilidad | Corporaci\u00f3n GPF","og_description":"M\u00e1s de 5.000 Socios Estrat\u00e9gicos de medicinas, consumo, bazar, alimentos y bebidas, bienes y servicios contribuyen al \u00e9xito de GPF.","og_url":"https:\/\/www.corporaciongpf.com\/memoria-sostenibilidad\/modelo-de-gestion\/","og_site_name":"Extracto Memoria Sostenibilidad | Corporaci\u00f3n GPF","article_modified_time":"2017-11-08T15:32:14+00:00","twitter_card":"summary_large_image","twitter_misc":{"Tiempo de lectura":"4 minutos"},"schema":{"@context":"https:\/\/schema.org","@graph":[{"@type":"WebPage","@id":"https:\/\/www.corporaciongpf.com\/memoria-sostenibilidad\/modelo-de-gestion\/","url":"https:\/\/www.corporaciongpf.com\/memoria-sostenibilidad\/modelo-de-gestion\/","name":"MODELO DE GESTI\u00d3N - Extracto Memoria Sostenibilidad | Corporaci\u00f3n GPF","isPartOf":{"@id":"https:\/\/www.corporaciongpf.com\/memoria-sostenibilidad\/#website"},"datePublished":"2016-12-23T17:18:57+00:00","dateModified":"2017-11-08T15:32:14+00:00","description":"M\u00e1s de 5.000 Socios Estrat\u00e9gicos de medicinas, consumo, bazar, alimentos y bebidas, bienes y servicios contribuyen al \u00e9xito de GPF.","breadcrumb":{"@id":"https:\/\/www.corporaciongpf.com\/memoria-sostenibilidad\/modelo-de-gestion\/#breadcrumb"},"inLanguage":"es","potentialAction":[{"@type":"ReadAction","target":["https:\/\/www.corporaciongpf.com\/memoria-sostenibilidad\/modelo-de-gestion\/"]}]},{"@type":"BreadcrumbList","@id":"https:\/\/www.corporaciongpf.com\/memoria-sostenibilidad\/modelo-de-gestion\/#breadcrumb","itemListElement":[{"@type":"ListItem","position":1,"name":"Portada","item":"https:\/\/www.corporaciongpf.com\/memoria-sostenibilidad\/"},{"@type":"ListItem","position":2,"name":"MODELO DE GESTI\u00d3N"}]},{"@type":"WebSite","@id":"https:\/\/www.corporaciongpf.com\/memoria-sostenibilidad\/#website","url":"https:\/\/www.corporaciongpf.com\/memoria-sostenibilidad\/","name":"Extracto Memoria Sostenibilidad | Corporaci\u00f3n GPF","description":"Este es un extracto de la sexta Memoria de Sostenibilidad consecutiva publicada por la compa\u00f1\u00eda","potentialAction":[{"@type":"SearchAction","target":{"@type":"EntryPoint","urlTemplate":"https:\/\/www.corporaciongpf.com\/memoria-sostenibilidad\/?s={search_term_string}"},"query-input":{"@type":"PropertyValueSpecification","valueRequired":true,"valueName":"search_term_string"}}],"inLanguage":"es"}]}},"_links":{"self":[{"href":"https:\/\/www.corporaciongpf.com\/memoria-sostenibilidad\/wp-json\/wp\/v2\/pages\/394","targetHints":{"allow":["GET"]}}],"collection":[{"href":"https:\/\/www.corporaciongpf.com\/memoria-sostenibilidad\/wp-json\/wp\/v2\/pages"}],"about":[{"href":"https:\/\/www.corporaciongpf.com\/memoria-sostenibilidad\/wp-json\/wp\/v2\/types\/page"}],"author":[{"embeddable":true,"href":"https:\/\/www.corporaciongpf.com\/memoria-sostenibilidad\/wp-json\/wp\/v2\/users\/1"}],"replies":[{"embeddable":true,"href":"https:\/\/www.corporaciongpf.com\/memoria-sostenibilidad\/wp-json\/wp\/v2\/comments?post=394"}],"version-history":[{"count":109,"href":"https:\/\/www.corporaciongpf.com\/memoria-sostenibilidad\/wp-json\/wp\/v2\/pages\/394\/revisions"}],"predecessor-version":[{"id":1480,"href":"https:\/\/www.corporaciongpf.com\/memoria-sostenibilidad\/wp-json\/wp\/v2\/pages\/394\/revisions\/1480"}],"wp:attachment":[{"href":"https:\/\/www.corporaciongpf.com\/memoria-sostenibilidad\/wp-json\/wp\/v2\/media?parent=394"}],"curies":[{"name":"wp","href":"https:\/\/api.w.org\/{rel}","templated":true}]}}